{"id":1131,"date":"2016-11-29T23:49:17","date_gmt":"2016-11-29T23:49:17","guid":{"rendered":"https:\/\/www.sistemaingenieria.com\/?page_id=1131"},"modified":"2020-07-09T16:19:25","modified_gmt":"2020-07-09T16:19:25","slug":"informacion_legal","status":"publish","type":"page","link":"http:\/\/3.65.241.247\/pt\/informacion_legal\/","title":{"rendered":"Informaci\u00f3n legal"},"content":{"rendered":"<p>SISTEMA INGENIER\u00cdA tiene a su disposici\u00f3n los siguientes datos:<br \/>\nRaz\u00f3n social: SOCIEDAD DE INGENIER\u00cdA, SERVICIOS DEL TERRITORIO Y MEDIO AMBIENTE, S.A<br \/>\nNIF: 35035716 Direcci\u00f3n:<br \/>\nCalle Eduardo 3, Bajo<br \/>\nC\u00f3digo Postal: 35002<br \/>\nLas Palmas de Gran Canaria<br \/>\nEspa\u00f1a<\/p>\n<p>&nbsp;<\/p>\n<p style=\"text-align: center;\">CONDICIONES DE USO<\/p>\n<p style=\"text-align: left;\"><strong>1. OBJETO<\/strong><br \/>\nEl objeto de este documento de condiciones de uso es regular la navegaci\u00f3n y uso de esta web as\u00ed como cuestiones legales referidas a su contenido, que afectan directamente al usuario. Se entiende por usuario a cualquier persona f\u00edsica o jur\u00eddica que tenga acceso a esta web, navegue por ella o utilice cualquier servicio contenido que sea propiedad del titular de este portal.<br \/>\nLa navegaci\u00f3n por esta web conlleva la inmediata aceptaci\u00f3n del presento documento de Condiciones de Uso. Al hacer uso de esta web, usted tiene la condici\u00f3n de usuario de la misma y acepta cumplir y seguir lo dispuesto en este documento.<\/p>\n<p style=\"text-align: left;\"><strong>2. USOS POR PARTE DEL USUARIO<\/strong><br \/>\nEl usuario deber\u00e1 utilizar esta web para su uso personal y privado, de forma diligente, cumpliendo en todo momento la Ley vigente y de conformidad a las buenas costumbres, no pudiendo utilizarla para actividades que puedan producir lesiones de bienes o derechos de SISTEMA INGENIER\u00cdA, los dem\u00e1s usuarios del portal, sus proveedores o de terceros, incluyendo la alteraci\u00f3n, da\u00f1o o inutilizaci\u00f3n permanente o temporal de redes, servidores, productos y servicios. Se proh\u00edbe la utilizaci\u00f3n de esta web con fines comerciales por parte de los usuarios.<br \/>\nSISTEMA INGENIER\u00cdA podr\u00e1 cancelar y\/o bloquear su acceso a la web sin previo aviso en el caso de que incumpla lo dispuesto en este documento o sospeche que su actividad es constitutiva de alguna falta o delito.<br \/>\nUsted solo puede utilizar este sitio web para su uso personal y privado estando prohibida su utilizaci\u00f3n con fines comerciales por parte del usuario.<br \/>\nEl usuario se abstendr\u00e1 de hacer uso de esta web para fines ilegales o sin autorizaci\u00f3n as\u00ed como realizar conductas que puedan provocar da\u00f1os o problemas en el funcionamiento de la web u dispositivos electr\u00f3nicos de terceros, utilizar la web para la distribuci\u00f3n de malware, virus inform\u00e1ticos o c\u00f3digos maliciosos, recoger datos personales de terceros, vulnerar las medidas de seguridad de la p\u00e1gina web y cualquier otra acci\u00f3n que dificulte el acceso o la navegaci\u00f3n o pueda da\u00f1ar dispositivos electr\u00f3nicos.<\/p>\n<p style=\"text-align: left;\"><strong>3. RESPONSABILIDADES<\/strong><br \/>\nNo garantizamos la disponibilidad, el correcto funcionamiento de la aplicaci\u00f3n ni el funcionamiento total o parcial de los servicios, por lo que se excluye cualquier responsabilidad por da\u00f1os y perjuicios en tal sentido frente al desarrollador.<br \/>\nSISTEMA INGENIER\u00cdA podr\u00e1 suspender el servicio sin previo aviso para fines t\u00e9cnicos, de mantenimiento o actualizaci\u00f3n con la finalidad de realizar mejoras o solucionar problemas.<br \/>\nSISTEMA INGENIER\u00cdA no se responsabiliza de cualquier da\u00f1o o perjuicio de toda naturaleza derivado de: errores en el funcionamiento de la web, falta de servicio, incompatibilidades con dispositivos u otras aplicaciones o software, posibles virus o da\u00f1os sufridos en los dispositivos por la descarga o uso de la web, intromisiones ileg\u00edtimas causadas por terceros ajenos a SISTEMA INGENIER\u00cdA, retrasos y errores en la informaci\u00f3n suministrada as\u00ed como su inexactitud, problemas ocasionados por los servicios de telefon\u00eda e internet que impidan suministrarle el servicio o lo hagan de forma deficiente.<\/p>\n<p style=\"text-align: left;\"><strong>4. MODIFICACI\u00d3N DEL AVISO LEGAL<\/strong><br \/>\nNos reservamos la posibilidad de cambiar este aviso legal junto con los t\u00e9rminos y condiciones incluidos en el mismo en cualquier momento. Puede consultar los mismos en la p\u00e1gina web ya que siempre estar\u00e1n disponible para su visualizaci\u00f3n por parte de los usuarios. Le aconsejamos que consulte dicho documento peri\u00f3dicamente para mantenerse informado de las posibles modificaciones que puedan afectarle. Del mismo modo, le recomendamos tambi\u00e9n leer las Pol\u00edticas de Cookies y de Protecci\u00f3n de Datos que siempre encontrar\u00e1 a su disposici\u00f3n en nuestra web.<\/p>\n<p style=\"text-align: left;\"><strong>5. ENLACES Y REDES SOCIALES<\/strong><br \/>\nEn nuestra web podr\u00e1 encontrar enlaces a otros sitios web a trav\u00e9s de botones, links, banners u otros medios an\u00e1logos, con mero efecto informativo sin que exista ning\u00fan v\u00ednculo entre el titular de la web y los mismos. Estas p\u00e1ginas web o herramientas son de terceros y est\u00e1n fuera de nuestro \u00e1mbito de control y del presente aviso legal. Por tal motivo, el titular de esta web no se hace responsable de cualquier aspecto relativo a esas p\u00e1ginas o servicios.<br \/>\nEsta p\u00e1gina web contiene enlaces a redes sociales pertenecientes a terceros (Facebook, Twitter, LinkedIn, etc.) de las que SISTEMA INGENIER\u00cdA solo es usuario, y que est\u00e1n fuera de su control, por lo que no se hace responsable del uso que haga el usuario o terceros de \u00e9stas, ni por el contenido que aparezcan en las mismas que no haya sido publicado o compartido por SISTEMA INGENIER\u00cdA. Tampoco se asume la responsabilidad en cuanto a la privacidad que proporcionen estas plataformas, el funcionamiento o disponibilidad de las mismas, comentarios y contenido compartido, opiniones, utilizaci\u00f3n para distribuci\u00f3n de malware o virus, entre otras conductas. SISTEMA INGENIER\u00cdA podr\u00e1 expulsar de estos servicios (en la medida de que el servicio lo permita) a aquellos usuarios que contravengan lo dispuesto en este documento.<br \/>\nEl usuario es responsable de su configuraci\u00f3n de seguridad en estos medios y del contenido que pueda registrar en los mismos, por lo que le rogamos que verifique la seguridad y privacidad de estos servicios para su beneficio.<br \/>\nSe permite establecer un enlace dirigido a esta web siempre y cuando la p\u00e1gina o medio que lo incorpore no posea contenido o fin ilegal, contravengan el orden p\u00fablico, no reproduzca el contenido de la web de SISTEMA INGENIER\u00cdA, haga un uso malicioso o da\u00f1ino para SISTEMA INGENIER\u00cdA o para terceros. En ning\u00fan caso SISTEMA INGENIER\u00cdA es responsable de la actuaci\u00f3n de los titulares de las webs o medios que proporcionan enlace a nuestra p\u00e1gina.<\/p>\n<p style=\"text-align: left;\"><strong>6. PROTECCI\u00d3N DE DATOS<\/strong><br \/>\nPuede consultar nuestra pol\u00edtica en Protecci\u00f3n de Datos haciendo clic <a href=\"http:\/\/3.65.241.247\/proteccion_de_datos\/\">aqu\u00ed<\/a>.<\/p>\n<p style=\"text-align: left;\"><strong>7. COOKIES<\/strong><br \/>\nLas denominadas cookies son ficheros que se descargan en los dispositivos electr\u00f3nicos utilizados para guardar y recuperar informaci\u00f3n. Puede consultar nuestra pol\u00edtica de cookies haciendo clic <a href=\"http:\/\/3.65.241.247\/politica-de-cookies\/\">aqu\u00ed<\/a>.<\/p>\n<p style=\"text-align: left;\"><strong>8. PROPIEDAD INTELECTUAL E INDUSTRIAL<\/strong><br \/>\nSISTEMA INGENIER\u00cdA posee la propiedad intelectual e industrial de esta p\u00e1gina web y de los elementos que la componen, o bien cuenta con las licencias necesarias para su utilizaci\u00f3n . El contenido de esta web (fotograf\u00edas, im\u00e1genes, logotipos, marcas y signos distintivos, c\u00f3digo fuente, dise\u00f1o gr\u00e1fico, ilustraciones, bases de datos, sonidos, etc) son propiedad del titular de esta web o de terceros por lo que el usuario no posee ning\u00fan derecho sobre los mismos ni podr\u00e1 utilizarlos contraviniendo las normas vigentes relativas a la propiedad intelectual e industrial.<br \/>\nQuedan prohibidos la distribuci\u00f3n, reproducci\u00f3n, transformaci\u00f3n, comunicaci\u00f3n p\u00fablica o cualquier otra forma de explotaci\u00f3n de todo o parte de los elementos que componen esta web sin el consentimiento expl\u00edcito su titular o de aquellos que ostenten los derechos de propiedad intelectual o industrial en su caso.<br \/>\nCualquier marca, nombre o signo distintivo perteneciente a SISTEMA INGENIER\u00cdA o a terceras personas f\u00edsicas o jur\u00eddicas que aparezcan en esta web no podr\u00e1n ser utilizados sin el consentimiento de sus respectivos titulares.<br \/>\nQueda prohibido la utilizaci\u00f3n de los derechos de propiedad intelectual o industrial sobre el contenido de esta web incluyendo la copia, modificaci\u00f3n, comunicaci\u00f3n p\u00fablica, distribuci\u00f3n o transformaci\u00f3n, ya sea de forma total o parcial, especialmente para prop\u00f3sitos comerciales, sin la autorizaci\u00f3n previa y expresa de SISTEMA INGENIER\u00cdA o de los titulares de dichos contenidos en caso de ser terceros.<\/p>\n<p style=\"text-align: left;\"><strong>9. JURISDICCI\u00d3N Y LEY APLICABLE<\/strong><br \/>\nEn caso de conflicto derivado de forma directa con la web de SISTEMA INGENIER\u00cdA as\u00ed como de sus dem\u00e1s elementos de presecia en Internet como pueden ser las redes sociales, se aplicar\u00e1 la legislaci\u00f3n espa\u00f1ola y ser\u00e1 competente para la resoluci\u00f3n de los litigios relacionados con los mismos los Juzgados y Tribunales de Las Palmas de Gran Canaria, Espa\u00f1a.<\/p>\n<p><\/p>","protected":false},"excerpt":{"rendered":"<p>SISTEMA INGENIER\u00cdA tiene a su disposici\u00f3n los siguientes datos: Raz\u00f3n social: SOCIEDAD DE INGENIER\u00cdA, SERVICIOS DEL TERRITORIO Y MEDIO AMBIENTE, S.A NIF: 35035716 Direcci\u00f3n: Calle Eduardo 3, Bajo C\u00f3digo Postal: 35002 Las Palmas de Gran Canaria Espa\u00f1a &nbsp; CONDICIONES DE USO 1. OBJETO El objeto de este documento de condiciones de uso es regular la [&hellip;]<\/p>\n","protected":false},"author":3,"featured_media":-1,"parent":0,"menu_order":1,"comment_status":"closed","ping_status":"closed","template":"","meta":{"_acf_changed":false,"footnotes":""},"acf":[],"_links":{"self":[{"href":"http:\/\/3.65.241.247\/pt\/wp-json\/wp\/v2\/pages\/1131"}],"collection":[{"href":"http:\/\/3.65.241.247\/pt\/wp-json\/wp\/v2\/pages"}],"about":[{"href":"http:\/\/3.65.241.247\/pt\/wp-json\/wp\/v2\/types\/page"}],"author":[{"embeddable":true,"href":"http:\/\/3.65.241.247\/pt\/wp-json\/wp\/v2\/users\/3"}],"replies":[{"embeddable":true,"href":"http:\/\/3.65.241.247\/pt\/wp-json\/wp\/v2\/comments?post=1131"}],"version-history":[{"count":0,"href":"http:\/\/3.65.241.247\/pt\/wp-json\/wp\/v2\/pages\/1131\/revisions"}],"wp:featuredmedia":[{"embeddable":true,"href":"http:\/\/3.65.241.247\/pt\/wp-json\/"}],"wp:attachment":[{"href":"http:\/\/3.65.241.247\/pt\/wp-json\/wp\/v2\/media?parent=1131"}],"curies":[{"name":"wp","href":"https:\/\/api.w.org\/{rel}","templated":true}]}}