{"id":371,"date":"2012-12-10T19:44:33","date_gmt":"2012-12-10T19:44:33","guid":{"rendered":"https:\/\/www.sistemaingenieria.com\/?page_id=371"},"modified":"2024-08-01T14:33:18","modified_gmt":"2024-08-01T14:33:18","slug":"equipo","status":"publish","type":"page","link":"http:\/\/3.65.241.247\/pt\/empresa\/equipo\/","title":{"rendered":"Pessoal"},"content":{"rendered":"<p>\n\t<div class=\"container all_staff\">\n\t\t<div class=\"row\">\n\t\t\t\t\t\t\t\t<\/div>\n\t\t\t\t\t\t\t\t\t<div class=\"row\">\n\t\t\t\t\t<div class=\" col-xs-12 vc_custom_heading heading-title-3\"><h2 style=\"font-size: 20px;text-align: left\">Direccio\u0301n General<\/h2><\/div>\n\t\t\t\t<\/div>\n\t\t\t\t<div class=\"row\">\n\t\t\t\t\n\t\t\t\t\t<div class=\" col-sm-6 col-md-4\">\n\n\t\t\t\t\t\t<div class=\"text-center\">\n\t\t\t\t\t\t\t<p><img loading=\"lazy\" decoding=\"async\" class=\"alignnone size-full wp-image-73980\" src=\"http:\/\/3.65.241.247\/wp-content\/uploads\/2018\/11\/ricardo.jpg\" alt=\"p1\" width=\"270\" height=\"201\"><\/p>\n\t\t\t\t\t\t\t<h4 style=\"text-align: center;\">Ricardo S\u00e1nchez Hormiga<\/h4>\n\t\t\t\t\t\t\t<p style=\"text-align: center;\"><em>Ingeniero de Caminos, Canales y Puertos<\/em><\/p>\n\t\t\t\t\t\t<\/div>\n\n<!-- \n\t\t\t\t\t\t\t\t<div class=\"wpb_text_column wpb_content_element \">\n\t\t\t\t\t\t\t\t\t<div class=\"wpb_wrapper\">\n\t\t\t\t\t\t\t\t\t\t<div class=\"social\">\n\t\t\t\t\t\t\t\t\t\t\t<div class=\"menu-social-profile-links-container\">\n\t\t\t\t\t\t\t\t\t\t\t\t<ul id=\"menu-social-profile-links\" class=\"menu\" style=\"text-align: center;\">\n\n\t\t\t\t\t\t\t\t\t\t\t\t\t\t\t\t\t\t\t\t\t\t\t\t\t\t\t<li id=\"menu-item-619\" class=\"menu-item menu-item-type-custom menu-item-object-custom menu-item-619\"><a href=\"mailto:rsh@sistemaingenieria.com\" target=\"_blank\"><\/a><\/li>\n\t\t\t\t\t\t\t\t\t\t\t\t\t\n\t\t\t\t\t\t\t\t\t\t\t\t\t\n\t\t\t\t\t\t\t\t\t\t\t\t\t\t\t\t\t\t\t\t\t\t\t\t\t\t\t<li id=\"menu-item-619\" class=\"menu-item menu-item-type-custom menu-item-object-custom menu-item-619\"><a href=\"ricardo.hormiga\"  target=\"_blank\" >skype<\/a><\/li>\n\t\t\t\t\t\t\t\t\t\t\t\t\t\n\t\t\t\t\t\t\t\t\t\t\t\t\t\n\t\t\t\t\t\t\t\t\t\t\t\t<\/ul>\n\t\t\t\t\t\t\t\t\t\t\t<\/div>\n\t\t\t\t\t\t\t\t\t\t<\/div> \n\t\t\t\t\t\t\t\t\t<\/div>\n\t\t\t\t\t\t\t\t<\/div>\n -->\n\n\t\t\t\t\t<\/div><!-- wpb_column vc_column_container col-sm-4 vc_col-sm-4 col-lg-4 vc_col-lg-4 -->\n\t\t\t\t\t  \n\t\t\t\t<\/div>\n\t\t\t\t\t\t\t\t<div class=\"row\">\n\t\t\t\t\t<div class=\" col-xs-12 vc_custom_heading heading-title-3\"><h2 style=\"font-size: 20px;text-align: left\">Direccio\u0301n Te\u0301cnica<\/h2><\/div>\n\t\t\t\t<\/div>\n\t\t\t\t<div class=\"row\">\n\t\t\t\t\n\t\t\t\t\t<div class=\" col-sm-6 col-md-4\">\n\n\t\t\t\t\t\t<div class=\"text-center\">\n\t\t\t\t\t\t\t<p><img loading=\"lazy\" decoding=\"async\" class=\"alignnone size-full wp-image-73980\" src=\"http:\/\/3.65.241.247\/wp-content\/uploads\/2018\/11\/jose-maria.jpg\" alt=\"p1\" width=\"270\" height=\"201\"><\/p>\n\t\t\t\t\t\t\t<h4 style=\"text-align: center;\">Jos\u00e9 Mar\u00eda Puig Est\u00e9vez<\/h4>\n\t\t\t\t\t\t\t<p style=\"text-align: center;\"><em>Ingeniero de Caminos, Canales y Puertos<\/em><\/p>\n\t\t\t\t\t\t<\/div>\n\n<!-- \n\t\t\t\t\t\t\t\t<div class=\"wpb_text_column wpb_content_element \">\n\t\t\t\t\t\t\t\t\t<div class=\"wpb_wrapper\">\n\t\t\t\t\t\t\t\t\t\t<div class=\"social\">\n\t\t\t\t\t\t\t\t\t\t\t<div class=\"menu-social-profile-links-container\">\n\t\t\t\t\t\t\t\t\t\t\t\t<ul id=\"menu-social-profile-links\" class=\"menu\" style=\"text-align: center;\">\n\n\t\t\t\t\t\t\t\t\t\t\t\t\t\n\t\t\t\t\t\t\t\t\t\t\t\t\t\n\t\t\t\t\t\t\t\t\t\t\t\t\t\n\t\t\t\t\t\t\t\t\t\t\t\t\t\n\t\t\t\t\t\t\t\t\t\t\t\t<\/ul>\n\t\t\t\t\t\t\t\t\t\t\t<\/div>\n\t\t\t\t\t\t\t\t\t\t<\/div> \n\t\t\t\t\t\t\t\t\t<\/div>\n\t\t\t\t\t\t\t\t<\/div>\n -->\n\n\t\t\t\t\t<\/div><!-- wpb_column vc_column_container col-sm-4 vc_col-sm-4 col-lg-4 vc_col-lg-4 -->\n\t\t\t\t\t  \n\t\t\t\t<\/div>\n\t\t\t\t\t\t\t\t<div class=\"row\">\n\t\t\t\t\t<div class=\" col-xs-12 vc_custom_heading heading-title-3\"><h2 style=\"font-size: 20px;text-align: left\">Direccio\u0301n de Proyectos<\/h2><\/div>\n\t\t\t\t<\/div>\n\t\t\t\t<div class=\"row\">\n\t\t\t\t\n\t\t\t\t\t<div class=\" col-sm-6 col-md-4\">\n\n\t\t\t\t\t\t<div class=\"text-center\">\n\t\t\t\t\t\t\t<p><img loading=\"lazy\" decoding=\"async\" class=\"alignnone size-full wp-image-73980\" src=\"http:\/\/3.65.241.247\/wp-content\/uploads\/2018\/11\/eduardo.jpg\" alt=\"p1\" width=\"270\" height=\"201\"><\/p>\n\t\t\t\t\t\t\t<h4 style=\"text-align: center;\">Eduardo S\u00e1nchez G\u00f3mez<\/h4>\n\t\t\t\t\t\t\t<p style=\"text-align: center;\"><em>Ingeniero de Minas<\/em><\/p>\n\t\t\t\t\t\t<\/div>\n\n<!-- \n\t\t\t\t\t\t\t\t<div class=\"wpb_text_column wpb_content_element \">\n\t\t\t\t\t\t\t\t\t<div class=\"wpb_wrapper\">\n\t\t\t\t\t\t\t\t\t\t<div class=\"social\">\n\t\t\t\t\t\t\t\t\t\t\t<div class=\"menu-social-profile-links-container\">\n\t\t\t\t\t\t\t\t\t\t\t\t<ul id=\"menu-social-profile-links\" class=\"menu\" style=\"text-align: center;\">\n\n\t\t\t\t\t\t\t\t\t\t\t\t\t\t\t\t\t\t\t\t\t\t\t\t\t\t\t<li id=\"menu-item-619\" class=\"menu-item menu-item-type-custom menu-item-object-custom menu-item-619\"><a href=\"mailto:esanchez@sistemaingenieria.com\" target=\"_blank\"><\/a><\/li>\n\t\t\t\t\t\t\t\t\t\t\t\t\t\n\t\t\t\t\t\t\t\t\t\t\t\t\t\t\t\t\t\t\t\t\t\t\t\t\t\t\t<li id=\"menu-item-619\" class=\"menu-item menu-item-type-custom menu-item-object-custom menu-item-619\"><a href=\"http:\/\/es.linkedin.com\/pub\/eduardo-s\u00e1nchez-g\u00f3mez\/23\/311\/a91\"  target=\"_blank\" >linkedin<\/a><\/li>\n\t\t\t\t\t\t\t\t\t\t\t\t\t\n\t\t\t\t\t\t\t\t\t\t\t\t\t\t\t\t\t\t\t\t\t\t\t\t\t\t\t<li id=\"menu-item-619\" class=\"menu-item menu-item-type-custom menu-item-object-custom menu-item-619\"><a href=\"edsangom\"  target=\"_blank\" >skype<\/a><\/li>\n\t\t\t\t\t\t\t\t\t\t\t\t\t\n\t\t\t\t\t\t\t\t\t\t\t\t\t\n\t\t\t\t\t\t\t\t\t\t\t\t<\/ul>\n\t\t\t\t\t\t\t\t\t\t\t<\/div>\n\t\t\t\t\t\t\t\t\t\t<\/div> \n\t\t\t\t\t\t\t\t\t<\/div>\n\t\t\t\t\t\t\t\t<\/div>\n -->\n\n\t\t\t\t\t<\/div><!-- wpb_column vc_column_container col-sm-4 vc_col-sm-4 col-lg-4 vc_col-lg-4 -->\n\t\t\t\t\t  \n\t\t\t\t<\/div>\n\t\t\t\t\t\t\t\t<div class=\"row\">\n\t\t\t\t\t<div class=\" col-xs-12 vc_custom_heading heading-title-3\"><h2 style=\"font-size: 20px;text-align: left\">Desarrollo de Proyectos<\/h2><\/div>\n\t\t\t\t<\/div>\n\t\t\t\t<div class=\"row\">\n\t\t\t\t\n\t\t\t\t\t<div class=\" col-sm-6 col-md-4\">\n\n\t\t\t\t\t\t<div class=\"text-center\">\n\t\t\t\t\t\t\t<p><img loading=\"lazy\" decoding=\"async\" class=\"alignnone size-full wp-image-73980\" src=\"http:\/\/3.65.241.247\/wp-content\/uploads\/2018\/11\/mario.jpg\" alt=\"p1\" width=\"270\" height=\"201\"><\/p>\n\t\t\t\t\t\t\t<h4 style=\"text-align: center;\">Mario Mendoza Santana<\/h4>\n\t\t\t\t\t\t\t<p style=\"text-align: center;\"><em>Ingeniero T\u00e9cnico de Obras P\u00fablicas \/ M\u00e1ster Universitario en Prevenci\u00f3n de Riesgos Laborales<\/em><\/p>\n\t\t\t\t\t\t<\/div>\n\n<!-- \n\t\t\t\t\t\t\t\t<div class=\"wpb_text_column wpb_content_element \">\n\t\t\t\t\t\t\t\t\t<div class=\"wpb_wrapper\">\n\t\t\t\t\t\t\t\t\t\t<div class=\"social\">\n\t\t\t\t\t\t\t\t\t\t\t<div class=\"menu-social-profile-links-container\">\n\t\t\t\t\t\t\t\t\t\t\t\t<ul id=\"menu-social-profile-links\" class=\"menu\" style=\"text-align: center;\">\n\n\t\t\t\t\t\t\t\t\t\t\t\t\t\t\t\t\t\t\t\t\t\t\t\t\t\t\t<li id=\"menu-item-619\" class=\"menu-item menu-item-type-custom menu-item-object-custom menu-item-619\"><a href=\"mailto:mmendoza@sistemaingenieria.com\" target=\"_blank\"><\/a><\/li>\n\t\t\t\t\t\t\t\t\t\t\t\t\t\n\t\t\t\t\t\t\t\t\t\t\t\t\t\t\t\t\t\t\t\t\t\t\t\t\t\t\t<li id=\"menu-item-619\" class=\"menu-item menu-item-type-custom menu-item-object-custom menu-item-619\"><a href=\"http:\/\/es.linkedin.com\/pub\/mario-mendoza-santana\/41\/870\/a06\"  target=\"_blank\" >linkedin<\/a><\/li>\n\t\t\t\t\t\t\t\t\t\t\t\t\t\n\t\t\t\t\t\t\t\t\t\t\t\t\t\t\t\t\t\t\t\t\t\t\t\t\t\t\t<li id=\"menu-item-619\" class=\"menu-item menu-item-type-custom menu-item-object-custom menu-item-619\"><a href=\"marioartenara\"  target=\"_blank\" >skype<\/a><\/li>\n\t\t\t\t\t\t\t\t\t\t\t\t\t\n\t\t\t\t\t\t\t\t\t\t\t\t\t\n\t\t\t\t\t\t\t\t\t\t\t\t<\/ul>\n\t\t\t\t\t\t\t\t\t\t\t<\/div>\n\t\t\t\t\t\t\t\t\t\t<\/div> \n\t\t\t\t\t\t\t\t\t<\/div>\n\t\t\t\t\t\t\t\t<\/div>\n -->\n\n\t\t\t\t\t<\/div><!-- wpb_column vc_column_container col-sm-4 vc_col-sm-4 col-lg-4 vc_col-lg-4 -->\n\t\t\t\t\t\n\t\t\t\t\t<div class=\" col-sm-6 col-md-4\">\n\n\t\t\t\t\t\t<div class=\"text-center\">\n\t\t\t\t\t\t\t<p><img loading=\"lazy\" decoding=\"async\" class=\"alignnone size-full wp-image-73980\" src=\"http:\/\/3.65.241.247\/wp-content\/uploads\/2018\/11\/nedelia.jpg\" alt=\"p1\" width=\"270\" height=\"201\"><\/p>\n\t\t\t\t\t\t\t<h4 style=\"text-align: center;\">Nedelia Morales Soler<\/h4>\n\t\t\t\t\t\t\t<p style=\"text-align: center;\"><em>Ingeniera de Obras P\u00fablicas, especialidad en Construcciones Civiles y M\u00e1ster en Prevenci\u00f3n de Riesgos Laborales<\/em><\/p>\n\t\t\t\t\t\t<\/div>\n\n<!-- \n\t\t\t\t\t\t\t\t<div class=\"wpb_text_column wpb_content_element \">\n\t\t\t\t\t\t\t\t\t<div class=\"wpb_wrapper\">\n\t\t\t\t\t\t\t\t\t\t<div class=\"social\">\n\t\t\t\t\t\t\t\t\t\t\t<div class=\"menu-social-profile-links-container\">\n\t\t\t\t\t\t\t\t\t\t\t\t<ul id=\"menu-social-profile-links\" class=\"menu\" style=\"text-align: center;\">\n\n\t\t\t\t\t\t\t\t\t\t\t\t\t\n\t\t\t\t\t\t\t\t\t\t\t\t\t\n\t\t\t\t\t\t\t\t\t\t\t\t\t\n\t\t\t\t\t\t\t\t\t\t\t\t\t\n\t\t\t\t\t\t\t\t\t\t\t\t<\/ul>\n\t\t\t\t\t\t\t\t\t\t\t<\/div>\n\t\t\t\t\t\t\t\t\t\t<\/div> \n\t\t\t\t\t\t\t\t\t<\/div>\n\t\t\t\t\t\t\t\t<\/div>\n -->\n\n\t\t\t\t\t<\/div><!-- wpb_column vc_column_container col-sm-4 vc_col-sm-4 col-lg-4 vc_col-lg-4 -->\n\t\t\t\t\t\n\t\t\t\t\t<div class=\" col-sm-6 col-md-4\">\n\n\t\t\t\t\t\t<div class=\"text-center\">\n\t\t\t\t\t\t\t<p><img loading=\"lazy\" decoding=\"async\" class=\"alignnone size-full wp-image-73980\" src=\"http:\/\/3.65.241.247\/wp-content\/uploads\/2018\/11\/jose-alberto.jpg\" alt=\"p1\" width=\"270\" height=\"201\"><\/p>\n\t\t\t\t\t\t\t<h4 style=\"text-align: center;\">Jos\u00e9 Alberto Dom\u00ednguez Santiago<\/h4>\n\t\t\t\t\t\t\t<p style=\"text-align: center;\"><em>Ingeniero T\u00e9cnico de Obras P\u00fablicas, especialidad en Construcciones Civiles<\/em><\/p>\n\t\t\t\t\t\t<\/div>\n\n<!-- \n\t\t\t\t\t\t\t\t<div class=\"wpb_text_column wpb_content_element \">\n\t\t\t\t\t\t\t\t\t<div class=\"wpb_wrapper\">\n\t\t\t\t\t\t\t\t\t\t<div class=\"social\">\n\t\t\t\t\t\t\t\t\t\t\t<div class=\"menu-social-profile-links-container\">\n\t\t\t\t\t\t\t\t\t\t\t\t<ul id=\"menu-social-profile-links\" class=\"menu\" style=\"text-align: center;\">\n\n\t\t\t\t\t\t\t\t\t\t\t\t\t\t\t\t\t\t\t\t\t\t\t\t\t\t\t<li id=\"menu-item-619\" class=\"menu-item menu-item-type-custom menu-item-object-custom menu-item-619\"><a href=\"mailto:jdominguez@sistemaingenieria.com\" target=\"_blank\"><\/a><\/li>\n\t\t\t\t\t\t\t\t\t\t\t\t\t\n\t\t\t\t\t\t\t\t\t\t\t\t\t\t\t\t\t\t\t\t\t\t\t\t\t\t\t<li id=\"menu-item-619\" class=\"menu-item menu-item-type-custom menu-item-object-custom menu-item-619\"><a href=\"http:\/\/es.linkedin.com\/pub\/jose-alberto-dom\u00ednguez-santiago\/50\/2b1\/b20\"  target=\"_blank\" >linkedin<\/a><\/li>\n\t\t\t\t\t\t\t\t\t\t\t\t\t\n\t\t\t\t\t\t\t\t\t\t\t\t\t\n\t\t\t\t\t\t\t\t\t\t\t\t\t\n\t\t\t\t\t\t\t\t\t\t\t\t<\/ul>\n\t\t\t\t\t\t\t\t\t\t\t<\/div>\n\t\t\t\t\t\t\t\t\t\t<\/div> \n\t\t\t\t\t\t\t\t\t<\/div>\n\t\t\t\t\t\t\t\t<\/div>\n -->\n\n\t\t\t\t\t<\/div><!-- wpb_column vc_column_container col-sm-4 vc_col-sm-4 col-lg-4 vc_col-lg-4 -->\n\t\t\t\t\t\n\t\t\t\t\t<div class=\" col-sm-6 col-md-4\">\n\n\t\t\t\t\t\t<div class=\"text-center\">\n\t\t\t\t\t\t\t<p><img loading=\"lazy\" decoding=\"async\" class=\"alignnone size-full wp-image-73980\" src=\"http:\/\/3.65.241.247\/wp-content\/uploads\/2018\/11\/cristina.jpg\" alt=\"p1\" width=\"270\" height=\"201\"><\/p>\n\t\t\t\t\t\t\t<h4 style=\"text-align: center;\">Cristina Torres P\u00e9rez<\/h4>\n\t\t\t\t\t\t\t<p style=\"text-align: center;\"><em>Licenciada en Administraci\u00f3n y Direcci\u00f3n de Empresas<\/em><\/p>\n\t\t\t\t\t\t<\/div>\n\n<!-- \n\t\t\t\t\t\t\t\t<div class=\"wpb_text_column wpb_content_element \">\n\t\t\t\t\t\t\t\t\t<div class=\"wpb_wrapper\">\n\t\t\t\t\t\t\t\t\t\t<div class=\"social\">\n\t\t\t\t\t\t\t\t\t\t\t<div class=\"menu-social-profile-links-container\">\n\t\t\t\t\t\t\t\t\t\t\t\t<ul id=\"menu-social-profile-links\" class=\"menu\" style=\"text-align: center;\">\n\n\t\t\t\t\t\t\t\t\t\t\t\t\t\n\t\t\t\t\t\t\t\t\t\t\t\t\t\n\t\t\t\t\t\t\t\t\t\t\t\t\t\n\t\t\t\t\t\t\t\t\t\t\t\t\t\n\t\t\t\t\t\t\t\t\t\t\t\t<\/ul>\n\t\t\t\t\t\t\t\t\t\t\t<\/div>\n\t\t\t\t\t\t\t\t\t\t<\/div> \n\t\t\t\t\t\t\t\t\t<\/div>\n\t\t\t\t\t\t\t\t<\/div>\n -->\n\n\t\t\t\t\t<\/div><!-- wpb_column vc_column_container col-sm-4 vc_col-sm-4 col-lg-4 vc_col-lg-4 -->\n\t\t\t\t\t\n\t\t\t\t\t<div class=\" col-sm-6 col-md-4\">\n\n\t\t\t\t\t\t<div class=\"text-center\">\n\t\t\t\t\t\t\t<p><img loading=\"lazy\" decoding=\"async\" class=\"alignnone size-full wp-image-73980\" src=\"http:\/\/3.65.241.247\/wp-content\/uploads\/2018\/11\/pablo-1.jpg\" alt=\"p1\" width=\"270\" height=\"201\"><\/p>\n\t\t\t\t\t\t\t<h4 style=\"text-align: center;\">Pablo Molines Ferr\u00e1ndiz<\/h4>\n\t\t\t\t\t\t\t<p style=\"text-align: center;\"><em>Ingeniero T\u00e9cnico de Obras P\u00fablicas, especialidad en Hidrolog\u00eda<\/em><\/p>\n\t\t\t\t\t\t<\/div>\n\n<!-- \n\t\t\t\t\t\t\t\t<div class=\"wpb_text_column wpb_content_element \">\n\t\t\t\t\t\t\t\t\t<div class=\"wpb_wrapper\">\n\t\t\t\t\t\t\t\t\t\t<div class=\"social\">\n\t\t\t\t\t\t\t\t\t\t\t<div class=\"menu-social-profile-links-container\">\n\t\t\t\t\t\t\t\t\t\t\t\t<ul id=\"menu-social-profile-links\" class=\"menu\" style=\"text-align: center;\">\n\n\t\t\t\t\t\t\t\t\t\t\t\t\t\n\t\t\t\t\t\t\t\t\t\t\t\t\t\n\t\t\t\t\t\t\t\t\t\t\t\t\t\n\t\t\t\t\t\t\t\t\t\t\t\t\t\n\t\t\t\t\t\t\t\t\t\t\t\t<\/ul>\n\t\t\t\t\t\t\t\t\t\t\t<\/div>\n\t\t\t\t\t\t\t\t\t\t<\/div> \n\t\t\t\t\t\t\t\t\t<\/div>\n\t\t\t\t\t\t\t\t<\/div>\n -->\n\n\t\t\t\t\t<\/div><!-- wpb_column vc_column_container col-sm-4 vc_col-sm-4 col-lg-4 vc_col-lg-4 -->\n\t\t\t\t\t\n\t\t\t\t\t<div class=\" col-sm-6 col-md-4\">\n\n\t\t\t\t\t\t<div class=\"text-center\">\n\t\t\t\t\t\t\t<p><img loading=\"lazy\" decoding=\"async\" class=\"alignnone size-full wp-image-73980\" src=\"http:\/\/3.65.241.247\/wp-content\/uploads\/2018\/11\/juan-carlos.jpg\" alt=\"p1\" width=\"270\" height=\"201\"><\/p>\n\t\t\t\t\t\t\t<h4 style=\"text-align: center;\">Juan Carlos Delgado Guerra<\/h4>\n\t\t\t\t\t\t\t<p style=\"text-align: center;\"><em>T\u00e9cnico Especialista en Delineaci\u00f3n<\/em><\/p>\n\t\t\t\t\t\t<\/div>\n\n<!-- \n\t\t\t\t\t\t\t\t<div class=\"wpb_text_column wpb_content_element \">\n\t\t\t\t\t\t\t\t\t<div class=\"wpb_wrapper\">\n\t\t\t\t\t\t\t\t\t\t<div class=\"social\">\n\t\t\t\t\t\t\t\t\t\t\t<div class=\"menu-social-profile-links-container\">\n\t\t\t\t\t\t\t\t\t\t\t\t<ul id=\"menu-social-profile-links\" class=\"menu\" style=\"text-align: center;\">\n\n\t\t\t\t\t\t\t\t\t\t\t\t\t\n\t\t\t\t\t\t\t\t\t\t\t\t\t\n\t\t\t\t\t\t\t\t\t\t\t\t\t\n\t\t\t\t\t\t\t\t\t\t\t\t\t\n\t\t\t\t\t\t\t\t\t\t\t\t<\/ul>\n\t\t\t\t\t\t\t\t\t\t\t<\/div>\n\t\t\t\t\t\t\t\t\t\t<\/div> \n\t\t\t\t\t\t\t\t\t<\/div>\n\t\t\t\t\t\t\t\t<\/div>\n -->\n\n\t\t\t\t\t<\/div><!-- wpb_column vc_column_container col-sm-4 vc_col-sm-4 col-lg-4 vc_col-lg-4 -->\n\t\t\t\t\t\n\t\t\t\t\t<div class=\" col-sm-6 col-md-4\">\n\n\t\t\t\t\t\t<div class=\"text-center\">\n\t\t\t\t\t\t\t<p><img loading=\"lazy\" decoding=\"async\" class=\"alignnone size-full wp-image-73980\" src=\"http:\/\/3.65.241.247\/wp-content\/uploads\/2018\/11\/juan-francisco.jpg\" alt=\"p1\" width=\"270\" height=\"201\"><\/p>\n\t\t\t\t\t\t\t<h4 style=\"text-align: center;\">Juan Francisco Rodri\u0301guez Del Rosario<\/h4>\n\t\t\t\t\t\t\t<p style=\"text-align: center;\"><em>T\u00e9cnico Superior en Desarrollo y Aplicaciones de Proyectos de Construcci\u00f3n<\/em><\/p>\n\t\t\t\t\t\t<\/div>\n\n<!-- \n\t\t\t\t\t\t\t\t<div class=\"wpb_text_column wpb_content_element \">\n\t\t\t\t\t\t\t\t\t<div class=\"wpb_wrapper\">\n\t\t\t\t\t\t\t\t\t\t<div class=\"social\">\n\t\t\t\t\t\t\t\t\t\t\t<div class=\"menu-social-profile-links-container\">\n\t\t\t\t\t\t\t\t\t\t\t\t<ul id=\"menu-social-profile-links\" class=\"menu\" style=\"text-align: center;\">\n\n\t\t\t\t\t\t\t\t\t\t\t\t\t\t\t\t\t\t\t\t\t\t\t\t\t\t\t<li id=\"menu-item-619\" class=\"menu-item menu-item-type-custom menu-item-object-custom menu-item-619\"><a href=\"mailto:info@sistemaingenieria.com\" target=\"_blank\"><\/a><\/li>\n\t\t\t\t\t\t\t\t\t\t\t\t\t\n\t\t\t\t\t\t\t\t\t\t\t\t\t\t\t\t\t\t\t\t\t\t\t\t\t\t\t<li id=\"menu-item-619\" class=\"menu-item menu-item-type-custom menu-item-object-custom menu-item-619\"><a href=\"es.linkedin.com\/pub\/jua n-francisco-rodri\u0301guez- del-rosario\/82\/34a\/614\"  target=\"_blank\" >linkedin<\/a><\/li>\n\t\t\t\t\t\t\t\t\t\t\t\t\t\n\t\t\t\t\t\t\t\t\t\t\t\t\t\n\t\t\t\t\t\t\t\t\t\t\t\t\t\n\t\t\t\t\t\t\t\t\t\t\t\t<\/ul>\n\t\t\t\t\t\t\t\t\t\t\t<\/div>\n\t\t\t\t\t\t\t\t\t\t<\/div> \n\t\t\t\t\t\t\t\t\t<\/div>\n\t\t\t\t\t\t\t\t<\/div>\n -->\n\n\t\t\t\t\t<\/div><!-- wpb_column vc_column_container col-sm-4 vc_col-sm-4 col-lg-4 vc_col-lg-4 -->\n\t\t\t\t\t\n\t\t\t\t\t<div class=\" col-sm-6 col-md-4\">\n\n\t\t\t\t\t\t<div class=\"text-center\">\n\t\t\t\t\t\t\t<p><img loading=\"lazy\" decoding=\"async\" class=\"alignnone size-full wp-image-73980\" src=\"http:\/\/3.65.241.247\/wp-content\/uploads\/2018\/11\/maria-luisa.jpg\" alt=\"p1\" width=\"270\" height=\"201\"><\/p>\n\t\t\t\t\t\t\t<h4 style=\"text-align: center;\">Mar\u00eda Luisa Alem\u00e1n Vega<\/h4>\n\t\t\t\t\t\t\t<p style=\"text-align: center;\"><em>T\u00e9cnica Superior en Desarrollo y Aplicaci\u00f3n de Proyectos de Construcci\u00f3n<\/em><\/p>\n\t\t\t\t\t\t<\/div>\n\n<!-- \n\t\t\t\t\t\t\t\t<div class=\"wpb_text_column wpb_content_element \">\n\t\t\t\t\t\t\t\t\t<div class=\"wpb_wrapper\">\n\t\t\t\t\t\t\t\t\t\t<div class=\"social\">\n\t\t\t\t\t\t\t\t\t\t\t<div class=\"menu-social-profile-links-container\">\n\t\t\t\t\t\t\t\t\t\t\t\t<ul id=\"menu-social-profile-links\" class=\"menu\" style=\"text-align: center;\">\n\n\t\t\t\t\t\t\t\t\t\t\t\t\t\n\t\t\t\t\t\t\t\t\t\t\t\t\t\n\t\t\t\t\t\t\t\t\t\t\t\t\t\n\t\t\t\t\t\t\t\t\t\t\t\t\t\n\t\t\t\t\t\t\t\t\t\t\t\t<\/ul>\n\t\t\t\t\t\t\t\t\t\t\t<\/div>\n\t\t\t\t\t\t\t\t\t\t<\/div> \n\t\t\t\t\t\t\t\t\t<\/div>\n\t\t\t\t\t\t\t\t<\/div>\n -->\n\n\t\t\t\t\t<\/div><!-- wpb_column vc_column_container col-sm-4 vc_col-sm-4 col-lg-4 vc_col-lg-4 -->\n\t\t\t\t\t\n\t\t\t\t\t<div class=\" col-sm-6 col-md-4\">\n\n\t\t\t\t\t\t<div class=\"text-center\">\n\t\t\t\t\t\t\t<p><img loading=\"lazy\" decoding=\"async\" class=\"alignnone size-full wp-image-73980\" src=\"http:\/\/3.65.241.247\/wp-content\/uploads\/2018\/11\/yurena-1.jpg\" alt=\"p1\" width=\"270\" height=\"201\"><\/p>\n\t\t\t\t\t\t\t<h4 style=\"text-align: center;\">Yurena Hern\u00e1ndez Calcines<\/h4>\n\t\t\t\t\t\t\t<p style=\"text-align: center;\"><em>T\u00e9cnica Superior en Administraci\u00f3n y Finanzas<\/em><\/p>\n\t\t\t\t\t\t<\/div>\n\n<!-- \n\t\t\t\t\t\t\t\t<div class=\"wpb_text_column wpb_content_element \">\n\t\t\t\t\t\t\t\t\t<div class=\"wpb_wrapper\">\n\t\t\t\t\t\t\t\t\t\t<div class=\"social\">\n\t\t\t\t\t\t\t\t\t\t\t<div class=\"menu-social-profile-links-container\">\n\t\t\t\t\t\t\t\t\t\t\t\t<ul id=\"menu-social-profile-links\" class=\"menu\" style=\"text-align: center;\">\n\n\t\t\t\t\t\t\t\t\t\t\t\t\t\n\t\t\t\t\t\t\t\t\t\t\t\t\t\n\t\t\t\t\t\t\t\t\t\t\t\t\t\n\t\t\t\t\t\t\t\t\t\t\t\t\t\n\t\t\t\t\t\t\t\t\t\t\t\t<\/ul>\n\t\t\t\t\t\t\t\t\t\t\t<\/div>\n\t\t\t\t\t\t\t\t\t\t<\/div> \n\t\t\t\t\t\t\t\t\t<\/div>\n\t\t\t\t\t\t\t\t<\/div>\n -->\n\n\t\t\t\t\t<\/div><!-- wpb_column vc_column_container col-sm-4 vc_col-sm-4 col-lg-4 vc_col-lg-4 -->\n\t\t\t\t\t  \n\t\t\t\t<\/div>\n\t\t\t\t\t<\/div><!-- .container -->\n\t<\/p>\n<p>Transferir o \u00a0<a title=\"Transferir o organograma da empresa\" href=\"http:\/\/3.65.241.247\/wp-content\/uploads\/2018\/11\/ORGANIGRAMA-2018-4-_PT_pt_REV.pdf\" target=\"_blank\" rel=\"noopener\">organograma da empresa<\/a>.<\/p>","protected":false},"excerpt":{"rendered":"<p>Transferir o \u00a0organograma da empresa.<\/p>\n","protected":false},"author":1,"featured_media":-1,"parent":61,"menu_order":2,"comment_status":"closed","ping_status":"closed","template":"","meta":{"_acf_changed":false,"footnotes":""},"acf":[],"_links":{"self":[{"href":"http:\/\/3.65.241.247\/pt\/wp-json\/wp\/v2\/pages\/371"}],"collection":[{"href":"http:\/\/3.65.241.247\/pt\/wp-json\/wp\/v2\/pages"}],"about":[{"href":"http:\/\/3.65.241.247\/pt\/wp-json\/wp\/v2\/types\/page"}],"author":[{"embeddable":true,"href":"http:\/\/3.65.241.247\/pt\/wp-json\/wp\/v2\/users\/1"}],"replies":[{"embeddable":true,"href":"http:\/\/3.65.241.247\/pt\/wp-json\/wp\/v2\/comments?post=371"}],"version-history":[{"count":1,"href":"http:\/\/3.65.241.247\/pt\/wp-json\/wp\/v2\/pages\/371\/revisions"}],"predecessor-version":[{"id":76421,"href":"http:\/\/3.65.241.247\/pt\/wp-json\/wp\/v2\/pages\/371\/revisions\/76421"}],"up":[{"embeddable":true,"href":"http:\/\/3.65.241.247\/pt\/wp-json\/wp\/v2\/pages\/61"}],"wp:featuredmedia":[{"embeddable":true,"href":"http:\/\/3.65.241.247\/pt\/wp-json\/"}],"wp:attachment":[{"href":"http:\/\/3.65.241.247\/pt\/wp-json\/wp\/v2\/media?parent=371"}],"curies":[{"name":"wp","href":"https:\/\/api.w.org\/{rel}","templated":true}]}}