{"id":61,"date":"2015-03-02T04:38:49","date_gmt":"2015-03-01T21:38:49","guid":{"rendered":"https:\/\/www.sistemaingenieria.com\/?page_id=61"},"modified":"2024-08-01T14:40:24","modified_gmt":"2024-08-01T14:40:24","slug":"empresa","status":"publish","type":"page","link":"http:\/\/3.65.241.247\/pt\/empresa\/","title":{"rendered":"A Empresa"},"content":{"rendered":"<div class=\"wpb-content-wrapper\"><p>[vc_row css=&#8221;.vc_custom_1433564201242{margin-top: 20px !important;margin-bottom: 70px !important;}&#8221;][vc_column width=&#8221;1\/4&#8243;][vc_column_text][vc_widget_sidebar sidebar_id=&#8221;sidebar&#8221;][\/vc_column_text][\/vc_column][vc_column width=&#8221;3\/4&#8243;][vc_custom_heading text=&#8221;SOBRE N\u00d3S&#8221; font_container=&#8221;tag:h2|font_size:20|text_align:left|color:%23111111&#8243; el_class=&#8221;heading-title-3&#8243;][vc_column_text]Desde a sua cria\u00e7\u00e3o, a SISTEMA foi estruturada como uma equipa multidisciplinar especializada para encontrar as melhores solu\u00e7\u00f5es para os desafios da engenharia civil apresentados pelos nossos clientes.<\/p>\n<p>Cada uma de nossas a\u00e7\u00f5es deve fazer parte de um servi\u00e7o de qualidade integral para o cliente e a sociedade em geral. Por esse motivo, comprometemo-nos com a realiza\u00e7\u00e3o de projetos, servi\u00e7os e atividades de engenharia que respeitem o ambiente e sejam adequados para garantir a seguran\u00e7a das pessoas.[\/vc_column_text][vc_empty_space][vc_single_image image=&#8221;75638&#8243; img_size=&#8221;full&#8221;][\/vc_column][\/vc_row][vc_row][vc_column][vc_column_text]<br \/>\n[\/vc_column_text][\/vc_column][\/vc_row][vc_row el_class=&#8221;intro4 align-center min-box&#8221; full_width=&#8221;stretch_row_content&#8221; css=&#8221;.vc_custom_1433566012010{margin-top: 70px !important;margin-bottom: 0px !important;background-color: #fdc502 !important;}&#8221;][vc_column width=&#8221;2\/3&#8243;][vc_custom_heading text=&#8221;&#8221; font_container=&#8221;tag:h3|font_size:22|text_align:center|color:%23ffffff&#8221;][\/vc_column][vc_column width=&#8221;1\/3&#8243;][vc_btn title=&#8221;CONTATO&#8221; style=&#8221;outline&#8221; shape=&#8221;square&#8221; color=&#8221;white&#8221; link=&#8221;url:http%3A%2F%2Fwww.sistemaingenieria.com%2Fcontacto%2F|||&#8221;][\/vc_column][\/vc_row]<\/p>\n<\/div>","protected":false},"excerpt":{"rendered":"<p>[vc_row css=&#8221;.vc_custom_1433564201242{margin-top: 20px !important;margin-bottom: 70px !important;}&#8221;][vc_column width=&#8221;1\/4&#8243;][vc_column_text][vc_widget_sidebar sidebar_id=&#8221;sidebar&#8221;][\/vc_column_text][\/vc_column][vc_column width=&#8221;3\/4&#8243;][vc_custom_heading text=&#8221;SOBRE N\u00d3S&#8221; font_container=&#8221;tag:h2|font_size:20|text_align:left|color:%23111111&#8243; el_class=&#8221;heading-title-3&#8243;][vc_column_text]Desde a sua cria\u00e7\u00e3o, a SISTEMA foi estruturada como uma equipa multidisciplinar especializada para encontrar as melhores solu\u00e7\u00f5es para os desafios da engenharia civil apresentados pelos nossos clientes. Cada uma de nossas a\u00e7\u00f5es deve fazer parte de um servi\u00e7o de qualidade integral para [&hellip;]<\/p>\n","protected":false},"author":3,"featured_media":-1,"parent":0,"menu_order":4,"comment_status":"closed","ping_status":"closed","template":"","meta":{"_acf_changed":false,"footnotes":""},"acf":[],"_links":{"self":[{"href":"http:\/\/3.65.241.247\/pt\/wp-json\/wp\/v2\/pages\/61"}],"collection":[{"href":"http:\/\/3.65.241.247\/pt\/wp-json\/wp\/v2\/pages"}],"about":[{"href":"http:\/\/3.65.241.247\/pt\/wp-json\/wp\/v2\/types\/page"}],"author":[{"embeddable":true,"href":"http:\/\/3.65.241.247\/pt\/wp-json\/wp\/v2\/users\/3"}],"replies":[{"embeddable":true,"href":"http:\/\/3.65.241.247\/pt\/wp-json\/wp\/v2\/comments?post=61"}],"version-history":[{"count":2,"href":"http:\/\/3.65.241.247\/pt\/wp-json\/wp\/v2\/pages\/61\/revisions"}],"predecessor-version":[{"id":76422,"href":"http:\/\/3.65.241.247\/pt\/wp-json\/wp\/v2\/pages\/61\/revisions\/76422"}],"wp:featuredmedia":[{"embeddable":true,"href":"http:\/\/3.65.241.247\/pt\/wp-json\/"}],"wp:attachment":[{"href":"http:\/\/3.65.241.247\/pt\/wp-json\/wp\/v2\/media?parent=61"}],"curies":[{"name":"wp","href":"https:\/\/api.w.org\/{rel}","templated":true}]}}