{"id":73993,"date":"2015-05-28T15:43:26","date_gmt":"2015-05-28T15:43:26","guid":{"rendered":"https:\/\/www.sistemaingenieria.com\/?page_id=73993"},"modified":"2024-06-25T12:31:08","modified_gmt":"2024-06-25T12:31:08","slug":"valores-empresariales","status":"publish","type":"page","link":"http:\/\/3.65.241.247\/pt\/empresa\/valores-empresariales\/","title":{"rendered":"Valores Empresariais"},"content":{"rendered":"<div class=\"wpb-content-wrapper\"><p>[vc_row css=&#8221;.vc_custom_1433564929231{margin-top: 20px !important;margin-bottom: 70px !important;}&#8221;][vc_column width=&#8221;1\/4&#8243;][vc_column_text][vc_widget_sidebar sidebar_id=&#8221;sidebar&#8221;][\/vc_column_text][\/vc_column][vc_column width=&#8221;3\/4&#8243;][vc_custom_heading text=&#8221;NOSSOS VALORES&#8221; font_container=&#8221;tag:h2|text_align:left|color:%23111111&#8243; el_class=&#8221;heading-title-3&#8243;][vc_column_text css=&#8221;.vc_custom_1542324591965{margin-bottom: 30px !important;}&#8221;]A SISTEMA tem como compromisso fundamental a qualidade integral dos seus servi\u00e7os, assegurando a qualidade dos seus projetos, a satisfa\u00e7\u00e3o do cliente e o respeito pelo ambiente.<\/p>\n<p>As atividades que desenvolvemos correspondem a crit\u00e9rios de efici\u00eancia e flexibilidade e \u00e0 atualiza\u00e7\u00e3o cont\u00ednua de nosso quadro de pessoal em termos de conhecimentos t\u00e9cnicos.<\/p>\n<p>Em suma, oferecemos solu\u00e7\u00f5es inovadoras e eficientes em diferentes setores da engenharia e consultoria para contribuir de forma respons\u00e1vel e sustent\u00e1vel para a melhoria da riqueza e bem-estar das comunidades onde prestamos os nossos servi\u00e7os.<\/p>\n<p>\n<!-- Page-list plugin v.5.6 wordpress.org\/plugins\/page-list\/ -->\n<ul class=\"page-list subpages-page-list \">\n<li class=\"page_item page-item-302\"><a href=\"http:\/\/3.65.241.247\/pt\/empresa\/valores-empresariales\/politica-integrada-de-gestion\/\">Pol\u00edtica Integrada de Gest\u00e3o<\/a><\/li>\n<li class=\"page_item page-item-76131\"><a href=\"http:\/\/3.65.241.247\/pt\/empresa\/valores-empresariales\/manual-del-codigo-etico-y-de-conducta\/\">Manual del C\u00f3digo \u00c9tico y de Conducta<\/a><\/li>\n<li class=\"page_item page-item-76128\"><a href=\"http:\/\/3.65.241.247\/pt\/empresa\/valores-empresariales\/plan-de-igualdad-y-diversidad\/\">Plan de Igualdad y Diversidad<\/a><\/li>\n<li class=\"page_item page-item-76133\"><a href=\"http:\/\/3.65.241.247\/pt\/empresa\/valores-empresariales\/manual-de-sistema-de-cumplimiento-penal-sistema-de-compliance\/\">Manual de Sistema de Cumplimiento Penal (Sistema de Compliance)<\/a><\/li>\n\n<\/ul>[\/vc_column_text][\/vc_column][\/vc_row][vc_row][vc_column][vc_column_text]<br \/>\n[\/vc_column_text][\/vc_column][\/vc_row][vc_row el_class=&#8221;intro4 align-center min-box&#8221; full_width=&#8221;stretch_row_content&#8221; css=&#8221;.vc_custom_1433566012010{margin-top: 70px !important;margin-bottom: 0px !important;background-color: #fdc502 !important;}&#8221;][vc_column width=&#8221;2\/3&#8243;][vc_custom_heading text=&#8221;&#8221; font_container=&#8221;tag:h3|font_size:22|text_align:center|color:%23ffffff&#8221;][\/vc_column][vc_column width=&#8221;1\/3&#8243;][vc_btn title=&#8221;CONTATO&#8221; style=&#8221;outline&#8221; shape=&#8221;square&#8221; color=&#8221;white&#8221; link=&#8221;url:http%3A%2F%2Fwww.sistemaingenieria.com%2Fcontacto%2F|||&#8221;][\/vc_column][\/vc_row]<\/p>\n<\/div>","protected":false},"excerpt":{"rendered":"<p>[vc_row css=&#8221;.vc_custom_1433564929231{margin-top: 20px !important;margin-bottom: 70px !important;}&#8221;][vc_column width=&#8221;1\/4&#8243;][vc_column_text][vc_widget_sidebar sidebar_id=&#8221;sidebar&#8221;][\/vc_column_text][\/vc_column][vc_column width=&#8221;3\/4&#8243;][vc_custom_heading text=&#8221;NOSSOS VALORES&#8221; font_container=&#8221;tag:h2|text_align:left|color:%23111111&#8243; el_class=&#8221;heading-title-3&#8243;][vc_column_text css=&#8221;.vc_custom_1542324591965{margin-bottom: 30px !important;}&#8221;]A SISTEMA tem como compromisso fundamental a qualidade integral dos seus servi\u00e7os, assegurando a qualidade dos seus projetos, a satisfa\u00e7\u00e3o do cliente e o respeito pelo ambiente. As atividades que desenvolvemos correspondem a crit\u00e9rios de efici\u00eancia e flexibilidade e \u00e0 [&hellip;]<\/p>\n","protected":false},"author":3,"featured_media":-1,"parent":61,"menu_order":1,"comment_status":"closed","ping_status":"closed","template":"","meta":{"_acf_changed":false,"footnotes":""},"acf":[],"_links":{"self":[{"href":"http:\/\/3.65.241.247\/pt\/wp-json\/wp\/v2\/pages\/73993"}],"collection":[{"href":"http:\/\/3.65.241.247\/pt\/wp-json\/wp\/v2\/pages"}],"about":[{"href":"http:\/\/3.65.241.247\/pt\/wp-json\/wp\/v2\/types\/page"}],"author":[{"embeddable":true,"href":"http:\/\/3.65.241.247\/pt\/wp-json\/wp\/v2\/users\/3"}],"replies":[{"embeddable":true,"href":"http:\/\/3.65.241.247\/pt\/wp-json\/wp\/v2\/comments?post=73993"}],"version-history":[{"count":8,"href":"http:\/\/3.65.241.247\/pt\/wp-json\/wp\/v2\/pages\/73993\/revisions"}],"predecessor-version":[{"id":76402,"href":"http:\/\/3.65.241.247\/pt\/wp-json\/wp\/v2\/pages\/73993\/revisions\/76402"}],"up":[{"embeddable":true,"href":"http:\/\/3.65.241.247\/pt\/wp-json\/wp\/v2\/pages\/61"}],"wp:featuredmedia":[{"embeddable":true,"href":"http:\/\/3.65.241.247\/pt\/wp-json\/"}],"wp:attachment":[{"href":"http:\/\/3.65.241.247\/pt\/wp-json\/wp\/v2\/media?parent=73993"}],"curies":[{"name":"wp","href":"https:\/\/api.w.org\/{rel}","templated":true}]}}