{"id":74986,"date":"2017-12-26T13:20:00","date_gmt":"2017-12-26T13:20:00","guid":{"rendered":"https:\/\/www.sistemaingenieria.com\/?page_id=74986"},"modified":"2024-07-01T08:47:48","modified_gmt":"2024-07-01T08:47:48","slug":"ingenieria-del-transporte","status":"publish","type":"page","link":"http:\/\/3.65.241.247\/pt\/servicios\/ingenieria-del-transporte\/","title":{"rendered":"Engenharia de Transporte"},"content":{"rendered":"<div class=\"wpb-content-wrapper\"><p>[vc_row el_class=&#8221;big-quote-2&#8243; css=&#8221;.vc_custom_1433557680188{margin-bottom: 30px !important;}&#8221;][vc_column][vc_column_text]Lorem ipsum dolor sit amet, consectetur adipisicing elit, sed do eiusmod tempor incididunt ut laboreso et dolore magna aliqua Ut enim ad minim veniam[\/vc_column_text][\/vc_column][\/vc_row][vc_row css=&#8221;.vc_custom_1433557707565{margin-bottom: 50px !important;}&#8221;][vc_column][vc_images_carousel images=&#8221;74144,74145,74143,74142&#8243; img_size=&#8221;870&#215;460&#8243; el_class=&#8221;images-carousel-2&#8243;][\/vc_column][\/vc_row][vc_row css=&#8221;.vc_custom_1433557672994{margin-top: 0px !important;margin-bottom: 40px !important;}&#8221;][vc_column][vc_column_text]A Engenharia de Transporte \u00e9 o ramo da engenharia civil que se ocupa do planejamento, projeto e opera\u00e7\u00e3o dos diferentes meios de transporte, bem como suas rela\u00e7\u00f5es. A SISTEMA tem uma vasta experi\u00eancia no que diz respeito \u00e0 engenharia rodovi\u00e1ria. Juntamente com seus colaboradores, realizou grandes projetos de autoestradas, estradas, pontes e t\u00faneis.<\/p>\n<p>As \u00e1reas em que \u00e9 estabelecida a atividade da empresa podem ser classificadas da seguinte forma.<\/p>\n<p>Planejamento, gest\u00e3o e explora\u00e7\u00e3o de transporte terrestre.<br \/>\nEngenharia Vi\u00e1ria. Vias, estradas, rodovias e autoestradas. Esta\u00e7\u00f5es e \u00e1reas de servi\u00e7o.<br \/>\nEngenharia Ferrovi\u00e1ria. Ferrovias, bondes e funiculares.<br \/>\nEngenharia Aeroportu\u00e1ria.<br \/>\nTelef\u00e9ricos e transporte por correias e tubula\u00e7\u00f5es.<br \/>\nIntercambiadores de transporte e polos de comunica\u00e7\u00e3o.<br \/>\nA vasta experi\u00eancia da SISTEMA e a coloca\u00e7\u00e3o \u00e0 disposi\u00e7\u00e3o de seus clientes de uma equipe multidisciplinar para o desenvolvimento de seus projetos proporciona solu\u00e7\u00f5es tecnol\u00f3gicas nas diferentes \u00e1reas de influ\u00eancia da engenharia de transportes e constitui uma garantia para enfrentar os desafios atuais e futuros, buscando uma mobilidade segura, econ\u00f4mica, eficiente e ambientalmente sustent\u00e1vel, tanto para pessoas como para mercadorias.<\/p>\n<p>Seu trabalho abrange desde a elabora\u00e7\u00e3o de estudos preliminares e de viabilidade at\u00e9 a elabora\u00e7\u00e3o de projetos de constru\u00e7\u00e3o, al\u00e9m disso, desempenha o trabalho de controle e fiscaliza\u00e7\u00e3o de obras. Dentre as principais atividades da SISTEMA na \u00e1rea de Engenharia de Transporte, vale destacar:<\/p>\n<ul>\n<li>Estudos de viabilidade<\/li>\n<li>Estudos pr\u00e9vios<\/li>\n<li>Estudos informativos<\/li>\n<li>Anteprojetos<\/li>\n<li>Projetos de tra\u00e7ado<\/li>\n<li>Projetos de constru\u00e7\u00e3o<\/li>\n<li>Gerenciamento de obra<\/li>\n<li>Assist\u00eancia t\u00e9cnica para o gerenciamento de obra<\/li>\n<li>Controle qualitativo, quantitativo e geom\u00e9trico de obras<\/li>\n<li>Coordena\u00e7\u00e3o de sa\u00fade e seguran\u00e7a<\/li>\n<li>Controle ambiental de obras<\/li>\n<li>Engenharia Geot\u00e9cnica<\/li>\n<\/ul>\n<p>[\/vc_column_text][\/vc_column][\/vc_row][vc_row css=&#8221;.vc_custom_1433128678982{margin-bottom: 50px !important;}&#8221;][vc_column width=&#8221;1\/2&#8243;][vc_custom_heading text=&#8221;ELABORA\u00c7\u00c3O DE PROJETOS&#8221; font_container=&#8221;tag:h2|font_size:20|text_align:left&#8221; el_class=&#8221;heading-title-3&#8243;][vc_column_text]<\/p>\n<ul class=\"listing\">\n<li><i class=\"fa fa-check\"><\/i><a href=\"http:\/\/3.65.241.247\/projects\/modificado-no1-nueva-carretera-autopista-gc-1-tramo-puerto-rico-mogan\">PROJETO MODIFICADO N\u00ba 1 NOVA VIA DE AUTOESTRADA GC-1. TRECHO: PUERTO RICO \u2013 MOG\u00c1N. ISLA DE GRAN CANARIA. Chave: 01-GC-238.<\/a><\/li>\n<li><i class=\"fa fa-check\"><\/i><a href=\"http:\/\/3.65.241.247\/projects\/proyecto-de-construccion-de-la-via-estructurante-aeropuerto-lacacao\">PROJETO DE CONSTRU\u00c7\u00c3O: &#8220;VIA ESTRUTURANTE AEROPORTO &#8211; LACA\u00c7AO&#8221;. ILHA BOA VISTA. REP\u00daBLICA DE CABO VERDE.<\/a><\/li>\n<li><i class=\"fa fa-check\"><\/i><a href=\"http:\/\/3.65.241.247\/projects\/proyecto-carretera-puerto-del-rosario-morro-jable-tramo-aeropuerto-cruce-de-pozo-negro\">PROJETO DE TRA\u00c7ADO E CONSTRU\u00c7\u00c3O ESTRADA PUERTO DEL ROSARIO MORRO JABLE. TRECHO AEROPORTO &#8211; CRUCE DE POZO NEGRO. Chave AT-02-FV-2.<\/a><\/li>\n<li><i class=\"fa fa-check\"><\/i><a href=\"http:\/\/3.65.241.247\/projects\/nueva-carretera-gc-2-tramo-agaete-san-nicolas-de-tolentino-isla-de-gran-canaria\">PROJETO DE CONSTRU\u00c7\u00c3O DA NOVA ESTRADA \u201cGC \u20132 TRECHO: AGAETE \u2013 SAN NICOL\u00c1S DE TOLENTINO. ISLA DE GRAN CANARIA\u201d. Chave: AT-02-GC-265<\/a><\/li>\n<\/ul>\n<p>[\/vc_column_text][\/vc_column][vc_column width=&#8221;1\/2&#8243;][vc_custom_heading text=&#8221;CONTROLO E SUPERVIS\u00c3O DE OBRA&#8221; font_container=&#8221;tag:h2|font_size:20|text_align:left&#8221; el_class=&#8221;heading-title-3&#8243;][vc_column_text]<\/p>\n<ul class=\"listing\">\n<li><i class=\"fa fa-check\"><\/i><a href=\"http:\/\/3.65.241.247\/projects\/modificado-no1-nueva-carretera-autopista-gc-1-tramo-puerto-rico-mogan\">CONTROLE E ACOMPANHAMENTO DAS OBRAS DE NOVA PISTA DA AUTOESTRADA GC-1. TRECHO: PUERTO RICO \u2013 MOG\u00c1N.<\/a><\/li>\n<li><i class=\"fa fa-check\"><\/i><a href=\"http:\/\/sistema_web.com\/projects\/asistencia-tecnica-para-el-control-y-vigilancia-de-las-obras-nueva-carretera-autopista-gc-1-tramo-arguineguin-puerto-rico\">CONTROLE E ACOMPANHAMENTO DAS OBRAS DE NOVA PISTA DA AUTOESTRADA GC-1. TRECHO: ARGUINEGU\u00cdN \u2013 PUERTO RICO.<\/a><\/li>\n<\/ul>\n<p>[\/vc_column_text][\/vc_column][\/vc_row][vc_row css=&#8221;.vc_custom_1433128685824{margin-bottom: 50px !important;}&#8221;][vc_column][vc_custom_heading text=&#8221;What is included&#8221; font_container=&#8221;tag:h2|font_size:20|text_align:left&#8221; el_class=&#8221;heading-title-3&#8243;][vc_accordion][vc_accordion_tab title=&#8221;Project Scheduling And Management&#8221;][vc_column_text]Nam viverra scelerisque turpis id fermentum. Sed bibendum sit amet odio tempor venenatis. Quisque vel lectus sem. Sed convallis ligula sit amet. Nam viverra scelerisque turpis id fermentum.<\/p>\n<p>Quisque vel lectus sem. Sed convallis ligula sit amet. Nam viverra scelerisque turpis id fermentum.[\/vc_column_text][\/vc_accordion_tab][vc_accordion_tab title=&#8221;Perform Value Engineering&#8221;][vc_column_text]Nam viverra scelerisque turpis id fermentum. Sed bibendum sit amet odio tempor venenatis. Quisque vel lectus sem. Sed convallis ligula sit amet. Nam viverra scelerisque turpis id fermentum.<\/p>\n<p>Quisque vel lectus sem. Sed convallis ligula sit amet. Nam viverra scelerisque turpis id fermentum.[\/vc_column_text][\/vc_accordion_tab][vc_accordion_tab title=&#8221;Inspections And Occupancy Permit&#8221;][vc_column_text]Nam viverra scelerisque turpis id fermentum. Sed bibendum sit amet odio tempor venenatis. Quisque vel lectus sem. Sed convallis ligula sit amet. Nam viverra scelerisque turpis id fermentum.<\/p>\n<p>Quisque vel lectus sem. Sed convallis ligula sit amet. Nam viverra scelerisque turpis id fermentum.[\/vc_column_text][\/vc_accordion_tab][vc_accordion_tab title=&#8221;Project Scheduling And Management&#8221;][vc_column_text]Nam viverra scelerisque turpis id fermentum. Sed bibendum sit amet odio tempor venenatis. Quisque vel lectus sem. Sed convallis ligula sit amet. Nam viverra scelerisque turpis id fermentum.<\/p>\n<p>Quisque vel lectus sem. Sed convallis ligula sit amet. Nam viverra scelerisque turpis id fermentum.[\/vc_column_text][\/vc_accordion_tab][\/vc_accordion][\/vc_column][\/vc_row][vc_row css=&#8221;.vc_custom_1433128692755{margin-bottom: 50px !important;}&#8221;][vc_column width=&#8221;1\/2&#8243;][vc_custom_heading text=&#8221;PRECONSTRUCTION SERVICES&#8221; font_container=&#8221;tag:h2|font_size:20|text_align:left&#8221; el_class=&#8221;heading-title-3&#8243;][vc_column_text]Every construction is unique in scope, but process is systemically applied to each construction project.<\/p>\n<p>We seek to get involved early in the design phase so that we can manage the project more efficiently, provide effective building solutions, and identify challenges early on to mitigate design changes after construction commencement. Sed nibh turpis, sodales sit amet faucibus clear.<\/p>\n<p>This involves detailed pre-construction planning crucial to successful construction and on-time delivery, and allows the client and team a clear pathway to the bidding process, construction phase, and through to completion.[\/vc_column_text][\/vc_column][vc_column width=&#8221;1\/2&#8243;][vc_custom_heading text=&#8221;CONSTRUCTION PROJECTS&#8221; font_container=&#8221;tag:h2|font_size:20|text_align:left&#8221; el_class=&#8221;heading-title-3&#8243;][vc_images_carousel images=&#8221;75193,75192&#8243; img_size=&#8221;415&#215;277&#8243; onclick=&#8221;link_no&#8221; autoplay=&#8221;yes&#8221; hide_prev_next_buttons=&#8221;yes&#8221; el_class=&#8221;images-carousel-2&#8243;][\/vc_column][\/vc_row][vc_row el_class=&#8221;intro4 align-center min-box&#8221; full_width=&#8221;stretch_row_content&#8221; css=&#8221;.vc_custom_1433566012010{margin-top: 70px !important;margin-bottom: 0px !important;background-color: #fdc502 !important;}&#8221;][vc_column width=&#8221;2\/3&#8243;][vc_custom_heading text=&#8221;&#8221; font_container=&#8221;tag:h3|font_size:22|text_align:center|color:%23ffffff&#8221;][\/vc_column][vc_column width=&#8221;1\/3&#8243;][vc_btn title=&#8221;CONTATO&#8221; style=&#8221;outline&#8221; shape=&#8221;square&#8221; color=&#8221;white&#8221; link=&#8221;url:http%3A%2F%2Fwww.sistemaingenieria.com%2Fcontacto%2F|||&#8221;][\/vc_column][\/vc_row]<\/p>\n<\/div>","protected":false},"excerpt":{"rendered":"<p>[vc_row el_class=&#8221;big-quote-2&#8243; css=&#8221;.vc_custom_1433557680188{margin-bottom: 30px !important;}&#8221;][vc_column][vc_column_text]Lorem ipsum dolor sit amet, consectetur adipisicing elit, sed do eiusmod tempor incididunt ut laboreso et dolore magna aliqua Ut enim ad minim veniam[\/vc_column_text][\/vc_column][\/vc_row][vc_row css=&#8221;.vc_custom_1433557707565{margin-bottom: 50px !important;}&#8221;][vc_column][vc_images_carousel images=&#8221;74144,74145,74143,74142&#8243; img_size=&#8221;870&#215;460&#8243; el_class=&#8221;images-carousel-2&#8243;][\/vc_column][\/vc_row][vc_row css=&#8221;.vc_custom_1433557672994{margin-top: 0px !important;margin-bottom: 40px !important;}&#8221;][vc_column][vc_column_text]A Engenharia de Transporte \u00e9 o ramo da engenharia civil que se ocupa do planejamento, projeto e [&hellip;]<\/p>\n","protected":false},"author":3,"featured_media":75797,"parent":59,"menu_order":1,"comment_status":"closed","ping_status":"closed","template":"","meta":{"_acf_changed":false,"footnotes":""},"acf":[],"_links":{"self":[{"href":"http:\/\/3.65.241.247\/pt\/wp-json\/wp\/v2\/pages\/74986"}],"collection":[{"href":"http:\/\/3.65.241.247\/pt\/wp-json\/wp\/v2\/pages"}],"about":[{"href":"http:\/\/3.65.241.247\/pt\/wp-json\/wp\/v2\/types\/page"}],"author":[{"embeddable":true,"href":"http:\/\/3.65.241.247\/pt\/wp-json\/wp\/v2\/users\/3"}],"replies":[{"embeddable":true,"href":"http:\/\/3.65.241.247\/pt\/wp-json\/wp\/v2\/comments?post=74986"}],"version-history":[{"count":1,"href":"http:\/\/3.65.241.247\/pt\/wp-json\/wp\/v2\/pages\/74986\/revisions"}],"predecessor-version":[{"id":76407,"href":"http:\/\/3.65.241.247\/pt\/wp-json\/wp\/v2\/pages\/74986\/revisions\/76407"}],"up":[{"embeddable":true,"href":"http:\/\/3.65.241.247\/pt\/wp-json\/wp\/v2\/pages\/59"}],"wp:featuredmedia":[{"embeddable":true,"href":"http:\/\/3.65.241.247\/pt\/wp-json\/wp\/v2\/media\/75797"}],"wp:attachment":[{"href":"http:\/\/3.65.241.247\/pt\/wp-json\/wp\/v2\/media?parent=74986"}],"curies":[{"name":"wp","href":"https:\/\/api.w.org\/{rel}","templated":true}]}}