{"id":75000,"date":"2019-10-29T03:00:41","date_gmt":"2019-10-29T03:00:41","guid":{"rendered":"https:\/\/www.sistemaingenieria.com\/?page_id=75000"},"modified":"2024-07-01T09:56:48","modified_gmt":"2024-07-01T09:56:48","slug":"ingenieria-del-agua","status":"publish","type":"page","link":"http:\/\/3.65.241.247\/pt\/servicios\/ingenieria-del-agua\/","title":{"rendered":"Engenharia da \u00c1gua"},"content":{"rendered":"<div class=\"wpb-content-wrapper\"><p>[vc_row css=&#8221;.vc_custom_1433557707565{margin-bottom: 50px !important;}&#8221;][vc_column][vc_images_carousel images=&#8221;74144,74145,74143,74142&#8243; img_size=&#8221;870&#215;460&#8243; el_class=&#8221;images-carousel-2&#8243;][\/vc_column][\/vc_row][vc_row css=&#8221;.vc_custom_1433557672994{margin-top: 0px !important;margin-bottom: 40px !important;}&#8221;][vc_column][vc_column_text]Os recursos h\u00eddricos de qualidade tornaram-se um bem escasso em nosso pa\u00eds, assim como no resto do mundo. O crescimento da demanda devido ao aumento cont\u00ednuo da popula\u00e7\u00e3o, de um lado, assim como as exig\u00eancias crescentes do uso tur\u00edstico e industrial, cada vez mais rigoroso em termos de qualidade, aliado al\u00e9m do mais, ao decl\u00ednio de qualidade das fontes naturais de abastecimento, como consequ\u00eancia da polui\u00e7\u00e3o, da intrus\u00e3o marinha, etc., s\u00e3o apenas alguns dos desafios enfrentados pela Engenharia da \u00c1gua. Com a experi\u00eancia da SISTEMA e mediante a perspectiva de proceder de uma regi\u00e3o com recursos h\u00eddricos naturais escassos, como as Ilhas Can\u00e1rias, pioneira em t\u00e9cnicas de capta\u00e7\u00e3o, regula\u00e7\u00e3o, controle e produ\u00e7\u00e3o de \u00e1gua industrial, oferecemos solu\u00e7\u00f5es t\u00e9cnicas eficientes, econ\u00f4micas e ambientalmente amig\u00e1veis, aos desafios que enfrentamos em cada projeto. Por outro lado, tamb\u00e9m apresentamos as solu\u00e7\u00f5es precisas para minimizar a amea\u00e7a \u00e0 vida e \u00e0 propriedade devido \u00e0 for\u00e7a da \u00e1gua, atrav\u00e9s do controle de inunda\u00e7\u00f5es, projeto de barragens e diques, canaliza\u00e7\u00e3o, etc. A SISTEMA, utilizando as ferramentas proporcionadas pela engenharia hidr\u00e1ulica e equipamentos altamente especializados, se responsabiliza pelo projeto e controle das obras relacionadas com a gest\u00e3o do ciclo integral da \u00e1gua, tanto de capta\u00e7\u00e3o, utiliza\u00e7\u00e3o, transporte e armazenamento, como de regula\u00e7\u00e3o e tratamento.<\/p>\n<p>Os principais trabalhos relativos a obras h\u00eddricas realizados pela SISTEMA nos \u00faltimos anos s\u00e3o:[\/vc_column_text][\/vc_column][\/vc_row][vc_row css=&#8221;.vc_custom_1433128678982{margin-bottom: 50px !important;}&#8221;][vc_column width=&#8221;1\/2&#8243;][vc_custom_heading text=&#8221;ELABORA\u00c7\u00c3O DE PROJETOS&#8221; font_container=&#8221;tag:h2|font_size:20|text_align:left&#8221; el_class=&#8221;heading-title-3&#8243;][vc_column_text]<\/p>\n<ul class=\"listing\">\n<li><i class=\"fa fa-check\"><\/i>PROJETO DE CONDU\u00c7\u00c3O DE \u00c1GUA TRATADA, COLETORES DE ESGOTO E ESTA\u00c7\u00d5ES DE BOMBEAMENTO DE \u00c1GUA RESIDUAL URBANA DA URBANIZA\u00c7\u00c3O ROSA DEL LAGO, SETOR C4SUPT8-1\u00ba<\/li>\n<li><i class=\"fa fa-check\"><\/i>BOMBEAMENTO DE \u00c1GUAS RESIDUAIS DA URBANIZA\u00c7\u00c3O MARABU PARA A ESTA\u00c7\u00c3O DEPURADORA DE ESQUINZO<\/li>\n<li><i class=\"fa fa-check\"><\/i>CONDU\u00c7\u00c3O POR BOMBEAMENTO DE \u00c1GUAS RESIDUAIS URBANAS DA \u00c1REA DE CASTILLO. ANT\u00cdGUA. FUERTEVENTURA<\/li>\n<\/ul>\n<p>[\/vc_column_text][\/vc_column][vc_column width=&#8221;1\/2&#8243;][vc_custom_heading text=&#8221;CONTROLO E SUPERVIS\u00c3O DE OBRA&#8221; font_container=&#8221;tag:h2|font_size:20|text_align:left&#8221; el_class=&#8221;heading-title-3&#8243;][vc_column_text]<\/p>\n<ul class=\"listing\">\n<li><i class=\"fa fa-check\"><\/i>A.T. PARA DIRE\u00c7\u00c3O, CONTROLE E ACOMPANHAMENTO DAS OBRAS DE FUERTEVENTURA Chave: FV-481-8<\/li>\n<li><i class=\"fa fa-check\"><\/i>MELHORIA DO CONTROLE DO PORTO DE ROSARIO \u2013CORRALEJO, ARMAZ\u00c9M DE FIMAMPAIRE Y TISCAMANITA E RAMAIS DE CONEX\u00c3O<\/li>\n<li><i class=\"fa fa-check\"><\/i>DESSALINIZADORA DE \u00c1GUA MARINHA EM PUERTO DEL ROSARIO (2\u00aa FASE)<\/li>\n<li><i class=\"fa fa-check\"><\/i>ESTA\u00c7\u00c3O DEPURADORA DE EL COTILLO<\/li>\n<li><i class=\"fa fa-check\"><\/i>A.T. PARA DIRE\u00c7\u00c3O DE OBRA DE CONSTRU\u00c7\u00c3O DA ESTA\u00c7\u00c3O DEPURADORA DE \u00c1GUAS RESIDUAIS DO PORTO DE ROSARIO<\/li>\n<\/ul>\n<p>[\/vc_column_text][\/vc_column][\/vc_row][vc_row el_class=&#8221;intro4 align-center min-box&#8221; full_width=&#8221;stretch_row_content&#8221; css=&#8221;.vc_custom_1433566012010{margin-top: 70px !important;margin-bottom: 0px !important;background-color: #fdc502 !important;}&#8221;][vc_column width=&#8221;2\/3&#8243;][vc_custom_heading text=&#8221;&#8221; font_container=&#8221;tag:h3|font_size:22|text_align:center|color:%23ffffff&#8221;][\/vc_column][vc_column width=&#8221;1\/3&#8243;][vc_btn title=&#8221;CONTATO&#8221; style=&#8221;outline&#8221; shape=&#8221;square&#8221; color=&#8221;white&#8221; link=&#8221;url:http%3A%2F%2Fwww.sistemaingenieria.com%2Fcontacto%2F|||&#8221;][\/vc_column][\/vc_row]<\/p>\n<\/div>","protected":false},"excerpt":{"rendered":"<p>[vc_row css=&#8221;.vc_custom_1433557707565{margin-bottom: 50px !important;}&#8221;][vc_column][vc_images_carousel images=&#8221;74144,74145,74143,74142&#8243; img_size=&#8221;870&#215;460&#8243; el_class=&#8221;images-carousel-2&#8243;][\/vc_column][\/vc_row][vc_row css=&#8221;.vc_custom_1433557672994{margin-top: 0px !important;margin-bottom: 40px !important;}&#8221;][vc_column][vc_column_text]Os recursos h\u00eddricos de qualidade tornaram-se um bem escasso em nosso pa\u00eds, assim como no resto do mundo. O crescimento da demanda devido ao aumento cont\u00ednuo da popula\u00e7\u00e3o, de um lado, assim como as exig\u00eancias crescentes do uso tur\u00edstico e industrial, cada vez mais [&hellip;]<\/p>\n","protected":false},"author":3,"featured_media":75573,"parent":59,"menu_order":2,"comment_status":"closed","ping_status":"closed","template":"","meta":{"_acf_changed":false,"footnotes":""},"acf":[],"_links":{"self":[{"href":"http:\/\/3.65.241.247\/pt\/wp-json\/wp\/v2\/pages\/75000"}],"collection":[{"href":"http:\/\/3.65.241.247\/pt\/wp-json\/wp\/v2\/pages"}],"about":[{"href":"http:\/\/3.65.241.247\/pt\/wp-json\/wp\/v2\/types\/page"}],"author":[{"embeddable":true,"href":"http:\/\/3.65.241.247\/pt\/wp-json\/wp\/v2\/users\/3"}],"replies":[{"embeddable":true,"href":"http:\/\/3.65.241.247\/pt\/wp-json\/wp\/v2\/comments?post=75000"}],"version-history":[{"count":1,"href":"http:\/\/3.65.241.247\/pt\/wp-json\/wp\/v2\/pages\/75000\/revisions"}],"predecessor-version":[{"id":76408,"href":"http:\/\/3.65.241.247\/pt\/wp-json\/wp\/v2\/pages\/75000\/revisions\/76408"}],"up":[{"embeddable":true,"href":"http:\/\/3.65.241.247\/pt\/wp-json\/wp\/v2\/pages\/59"}],"wp:featuredmedia":[{"embeddable":true,"href":"http:\/\/3.65.241.247\/pt\/wp-json\/wp\/v2\/media\/75573"}],"wp:attachment":[{"href":"http:\/\/3.65.241.247\/pt\/wp-json\/wp\/v2\/media?parent=75000"}],"curies":[{"name":"wp","href":"https:\/\/api.w.org\/{rel}","templated":true}]}}