{"id":75002,"date":"2019-10-29T10:00:07","date_gmt":"2019-10-29T10:00:07","guid":{"rendered":"https:\/\/www.sistemaingenieria.com\/?page_id=75002"},"modified":"2024-07-01T09:56:56","modified_gmt":"2024-07-01T09:56:56","slug":"ingenieria-maritimo-costera","status":"publish","type":"page","link":"http:\/\/3.65.241.247\/pt\/servicios\/ingenieria-maritimo-costera\/","title":{"rendered":"Engenharia Mar\u00edtimo-Costeira"},"content":{"rendered":"<div class=\"wpb-content-wrapper\"><p>[vc_row css=&#8221;.vc_custom_1433557707565{margin-bottom: 50px !important;}&#8221;][vc_column][vc_images_carousel images=&#8221;74144,74145,74143,74142&#8243; img_size=&#8221;870&#215;460&#8243; el_class=&#8221;images-carousel-2&#8243;][\/vc_column][\/vc_row][vc_row css=&#8221;.vc_custom_1433557672994{margin-top: 0px !important;margin-bottom: 40px !important;}&#8221;][vc_column][vc_column_text]O crescimento da popula\u00e7\u00e3o a n\u00edvel mundial, que se manifesta de maneira severa nas zonas costeiras, produzindo press\u00e3o sobre o territ\u00f3rio que em muitos casos \u00e9 suplementado invadindo-se \u00e1reas do mar, da mesma forma, os portos representam centros de atra\u00e7\u00e3o econ\u00f4mica que s\u00e3o inseridos no mesmo meio hostil.<\/p>\n<p>Consequentemente, \u00e9 necess\u00e1rio projetar e manter as estruturas costeiras, tais como quebra-mares, molhes e espor\u00f5es, portos e marinas, que tornem vi\u00e1veis a conserva\u00e7\u00e3o desses espa\u00e7os subtra\u00eddos do mar, em condi\u00e7\u00f5es ambientalmente sustent\u00e1veis. A SISTEMA aplica em seus projetos os princ\u00edpios da Engenharia Naval e mediante o estudo de ondas e correntes mar\u00edtimas e seus efeitos sobre as estruturas portu\u00e1rias, a eros\u00e3o costeira e a polui\u00e7\u00e3o da \u00e1gua do mar, a permite empreender com resultados satisfat\u00f3rios todos os tipos de interven\u00e7\u00f5es no mar.<\/p>\n<p>O escopo de atua\u00e7\u00e3o da empresa pode ser enquadrado nos tr\u00eas blocos a seguir:<\/p>\n<ul class=\"listing\">\n<li><i class=\"fa fa-check\"><\/i>Planejamento, gest\u00e3o e explora\u00e7\u00e3o portu\u00e1ria e do transporte mar\u00edtimo.<\/li>\n<li><i class=\"fa fa-check\"><\/i>Engenharia portu\u00e1ria. Portos; estruturas e instala\u00e7\u00f5es mar\u00edtimas.<\/li>\n<li><i class=\"fa fa-check\"><\/i>Engenharia costeira. Prote\u00e7\u00e3o costeira e regenera\u00e7\u00e3o de praias.<\/li>\n<\/ul>\n<p>Os principais trabalhos relativos a obras portu\u00e1rias e costeiras realizados pela SISTEMA nos \u00faltimos anos s\u00e3o:<\/p>\n<ul class=\"listing\">\n<li><i class=\"fa fa-check\"><\/i>ACONDICIONAMENTO DA MARGEM LITOR\u00c2NEA DE LAS PLAYITAS<\/li>\n<li><i class=\"fa fa-check\"><\/i>PROJETO DE CONSTRU\u00c7\u00c3O DO PASSEIO MAR\u00cdTIMO E ACONDICIONAMENTO DA MARGEM LITOR\u00c2NEA, NUEVO HORIZONTE EL CASTILLO<\/li>\n<li><i class=\"fa fa-check\"><\/i>PROJETO DE REMODELA\u00c7\u00c3O DO PASSEIO DE LAS CANTERAS<\/li>\n<\/ul>\n<p>[\/vc_column_text][\/vc_column][\/vc_row][vc_row el_class=&#8221;intro4 align-center min-box&#8221; full_width=&#8221;stretch_row_content&#8221; css=&#8221;.vc_custom_1433566012010{margin-top: 70px !important;margin-bottom: 0px !important;background-color: #fdc502 !important;}&#8221;][vc_column width=&#8221;2\/3&#8243;][vc_custom_heading text=&#8221;&#8221; font_container=&#8221;tag:h3|font_size:22|text_align:center|color:%23ffffff&#8221;][\/vc_column][vc_column width=&#8221;1\/3&#8243;][vc_btn title=&#8221;CONTATO&#8221; style=&#8221;outline&#8221; shape=&#8221;square&#8221; color=&#8221;white&#8221; link=&#8221;url:http%3A%2F%2Fwww.sistemaingenieria.com%2Fcontacto%2F|||&#8221;][\/vc_column][\/vc_row]<\/p>\n<\/div>","protected":false},"excerpt":{"rendered":"<p>[vc_row css=&#8221;.vc_custom_1433557707565{margin-bottom: 50px !important;}&#8221;][vc_column][vc_images_carousel images=&#8221;74144,74145,74143,74142&#8243; img_size=&#8221;870&#215;460&#8243; el_class=&#8221;images-carousel-2&#8243;][\/vc_column][\/vc_row][vc_row css=&#8221;.vc_custom_1433557672994{margin-top: 0px !important;margin-bottom: 40px !important;}&#8221;][vc_column][vc_column_text]O crescimento da popula\u00e7\u00e3o a n\u00edvel mundial, que se manifesta de maneira severa nas zonas costeiras, produzindo press\u00e3o sobre o territ\u00f3rio que em muitos casos \u00e9 suplementado invadindo-se \u00e1reas do mar, da mesma forma, os portos representam centros de atra\u00e7\u00e3o econ\u00f4mica que s\u00e3o inseridos [&hellip;]<\/p>\n","protected":false},"author":3,"featured_media":75566,"parent":59,"menu_order":3,"comment_status":"closed","ping_status":"closed","template":"","meta":{"_acf_changed":false,"footnotes":""},"acf":[],"_links":{"self":[{"href":"http:\/\/3.65.241.247\/pt\/wp-json\/wp\/v2\/pages\/75002"}],"collection":[{"href":"http:\/\/3.65.241.247\/pt\/wp-json\/wp\/v2\/pages"}],"about":[{"href":"http:\/\/3.65.241.247\/pt\/wp-json\/wp\/v2\/types\/page"}],"author":[{"embeddable":true,"href":"http:\/\/3.65.241.247\/pt\/wp-json\/wp\/v2\/users\/3"}],"replies":[{"embeddable":true,"href":"http:\/\/3.65.241.247\/pt\/wp-json\/wp\/v2\/comments?post=75002"}],"version-history":[{"count":1,"href":"http:\/\/3.65.241.247\/pt\/wp-json\/wp\/v2\/pages\/75002\/revisions"}],"predecessor-version":[{"id":76409,"href":"http:\/\/3.65.241.247\/pt\/wp-json\/wp\/v2\/pages\/75002\/revisions\/76409"}],"up":[{"embeddable":true,"href":"http:\/\/3.65.241.247\/pt\/wp-json\/wp\/v2\/pages\/59"}],"wp:featuredmedia":[{"embeddable":true,"href":"http:\/\/3.65.241.247\/pt\/wp-json\/wp\/v2\/media\/75566"}],"wp:attachment":[{"href":"http:\/\/3.65.241.247\/pt\/wp-json\/wp\/v2\/media?parent=75002"}],"curies":[{"name":"wp","href":"https:\/\/api.w.org\/{rel}","templated":true}]}}