{"id":75008,"date":"2019-10-29T06:00:44","date_gmt":"2019-10-29T06:00:44","guid":{"rendered":"https:\/\/www.sistemaingenieria.com\/?page_id=75008"},"modified":"2024-07-01T09:57:22","modified_gmt":"2024-07-01T09:57:22","slug":"ingenieria-ambiental","status":"publish","type":"page","link":"http:\/\/3.65.241.247\/pt\/servicios\/ingenieria-ambiental\/","title":{"rendered":"Engenharia Ambiental"},"content":{"rendered":"<div class=\"wpb-content-wrapper\"><p>[vc_row css=&#8221;.vc_custom_1433557707565{margin-bottom: 50px !important;}&#8221;][vc_column][vc_images_carousel images=&#8221;74144,74145,74143,74142&#8243; img_size=&#8221;870&#215;460&#8243; el_class=&#8221;images-carousel-2&#8243;][\/vc_column][\/vc_row][vc_row css=&#8221;.vc_custom_1433557672994{margin-top: 0px !important;margin-bottom: 40px !important;}&#8221;][vc_column][vc_column_text]A engenharia ambiental contribui para garantir, atrav\u00e9s da conserva\u00e7\u00e3o e preserva\u00e7\u00e3o dos recursos naturais, de uma melhor qualidade de vida para a sociedade. Para isso s\u00e3o necess\u00e1rias metodologias e t\u00e9cnicas ambientais espec\u00edficas para cada projeto, elaboradas por uma equipe multidisciplinar, com grande experi\u00eancia e qualifica\u00e7\u00e3o t\u00e9cnica.<\/p>\n<p>Em todos os projetos e estudos da SISTEMA h\u00e1 uma importante participa\u00e7\u00e3o da equipe ambiental, tanto no que se refere \u00e0 tramita\u00e7\u00e3o ambiental dos mesmos, como quanto ao seu conte\u00fado.<\/p>\n<p>As principais \u00e1reas de atua\u00e7\u00e3o neste campo s\u00e3o:<\/p>\n<ul class=\"listing\">\n<li><i class=\"fa fa-check\"><\/i>Estudos e relat\u00f3rios ambientais<\/li>\n<li><i class=\"fa fa-check\"><\/i>Estudos de avalia\u00e7\u00e3o de impacto ambiental<\/li>\n<li><i class=\"fa fa-check\"><\/i>Programas de vigil\u00e2ncia e controle ambiental<\/li>\n<li><i class=\"fa fa-check\"><\/i>Planos de restaura\u00e7\u00e3o e de gest\u00e3o ambiental<\/li>\n<li><i class=\"fa fa-check\"><\/i>Elimina\u00e7\u00e3o de res\u00edduos, esta\u00e7\u00f5es de tratamento de res\u00edduos s\u00f3lidos, aterros, incineradores e cemit\u00e9rios.<\/li>\n<\/ul>\n<p>[\/vc_column_text][\/vc_column][\/vc_row][vc_row el_class=&#8221;intro4 align-center min-box&#8221; full_width=&#8221;stretch_row_content&#8221; css=&#8221;.vc_custom_1433566012010{margin-top: 70px !important;margin-bottom: 0px !important;background-color: #fdc502 !important;}&#8221;][vc_column width=&#8221;2\/3&#8243;][vc_custom_heading text=&#8221;&#8221; font_container=&#8221;tag:h3|font_size:22|text_align:center|color:%23ffffff&#8221;][\/vc_column][vc_column width=&#8221;1\/3&#8243;][vc_btn title=&#8221;CONTATO&#8221; style=&#8221;outline&#8221; shape=&#8221;square&#8221; color=&#8221;white&#8221; link=&#8221;url:http%3A%2F%2Fwww.sistemaingenieria.com%2Fcontacto%2F|||&#8221;][\/vc_column][\/vc_row]<\/p>\n<\/div>","protected":false},"excerpt":{"rendered":"<p>[vc_row css=&#8221;.vc_custom_1433557707565{margin-bottom: 50px !important;}&#8221;][vc_column][vc_images_carousel images=&#8221;74144,74145,74143,74142&#8243; img_size=&#8221;870&#215;460&#8243; el_class=&#8221;images-carousel-2&#8243;][\/vc_column][\/vc_row][vc_row css=&#8221;.vc_custom_1433557672994{margin-top: 0px !important;margin-bottom: 40px !important;}&#8221;][vc_column][vc_column_text]A engenharia ambiental contribui para garantir, atrav\u00e9s da conserva\u00e7\u00e3o e preserva\u00e7\u00e3o dos recursos naturais, de uma melhor qualidade de vida para a sociedade. Para isso s\u00e3o necess\u00e1rias metodologias e t\u00e9cnicas ambientais espec\u00edficas para cada projeto, elaboradas por uma equipe multidisciplinar, com grande experi\u00eancia e [&hellip;]<\/p>\n","protected":false},"author":3,"featured_media":489,"parent":59,"menu_order":7,"comment_status":"closed","ping_status":"closed","template":"","meta":{"_acf_changed":false,"footnotes":""},"acf":[],"_links":{"self":[{"href":"http:\/\/3.65.241.247\/pt\/wp-json\/wp\/v2\/pages\/75008"}],"collection":[{"href":"http:\/\/3.65.241.247\/pt\/wp-json\/wp\/v2\/pages"}],"about":[{"href":"http:\/\/3.65.241.247\/pt\/wp-json\/wp\/v2\/types\/page"}],"author":[{"embeddable":true,"href":"http:\/\/3.65.241.247\/pt\/wp-json\/wp\/v2\/users\/3"}],"replies":[{"embeddable":true,"href":"http:\/\/3.65.241.247\/pt\/wp-json\/wp\/v2\/comments?post=75008"}],"version-history":[{"count":1,"href":"http:\/\/3.65.241.247\/pt\/wp-json\/wp\/v2\/pages\/75008\/revisions"}],"predecessor-version":[{"id":76413,"href":"http:\/\/3.65.241.247\/pt\/wp-json\/wp\/v2\/pages\/75008\/revisions\/76413"}],"up":[{"embeddable":true,"href":"http:\/\/3.65.241.247\/pt\/wp-json\/wp\/v2\/pages\/59"}],"wp:featuredmedia":[{"embeddable":true,"href":"http:\/\/3.65.241.247\/pt\/wp-json\/wp\/v2\/media\/489"}],"wp:attachment":[{"href":"http:\/\/3.65.241.247\/pt\/wp-json\/wp\/v2\/media?parent=75008"}],"curies":[{"name":"wp","href":"https:\/\/api.w.org\/{rel}","templated":true}]}}