{"id":75012,"date":"2019-10-29T07:00:59","date_gmt":"2019-10-29T07:00:59","guid":{"rendered":"https:\/\/www.sistemaingenieria.com\/?page_id=75012"},"modified":"2024-07-01T09:57:16","modified_gmt":"2024-07-01T09:57:16","slug":"ingenieria-del-terreno-subterranea-y-mineria","status":"publish","type":"page","link":"http:\/\/3.65.241.247\/pt\/servicios\/ingenieria-del-terreno-subterranea-y-mineria\/","title":{"rendered":"Engenharia de Solo, Subterr\u00e2nea e Minera\u00e7\u00e3o"},"content":{"rendered":"<div class=\"wpb-content-wrapper\"><p>[vc_row css=&#8221;.vc_custom_1433557707565{margin-bottom: 50px !important;}&#8221;][vc_column][vc_images_carousel images=&#8221;74144,74145,74143,74142&#8243; img_size=&#8221;870&#215;460&#8243; el_class=&#8221;images-carousel-2&#8243;][\/vc_column][\/vc_row][vc_row css=&#8221;.vc_custom_1433557672994{margin-top: 0px !important;margin-bottom: 40px !important;}&#8221;][vc_column][vc_column_text]A SISTEMA conta com pessoal qualificado no seu quadro de funcion\u00e1rios que d\u00e1 suporte \u00e0s equipas de projeto e assist\u00eancia t\u00e9cnica, tanto para obras de funda\u00e7\u00e3o, estabilidade de encostas, t\u00faneis, etc., como para minera\u00e7\u00e3o em geral.<\/p>\n<p>Os trabalhos envolvem as seguintes \u00e1reas:<\/p>\n<ul class=\"listing\">\n<li><i class=\"fa fa-check\"><\/i>Estudos geol\u00f3gicos<\/li>\n<li><i class=\"fa fa-check\"><\/i>Estudos hidrogeol\u00f3gicos<\/li>\n<li><i class=\"fa fa-check\"><\/i>Engenharia geot\u00e9cnica e de solo. Funda\u00e7\u00e3o de estruturas superficiais e profundas.<\/li>\n<li><i class=\"fa fa-check\"><\/i>T\u00faneis, constru\u00e7\u00f5es subterr\u00e2neas e obras de desseca\u00e7\u00e3o, saneamento e consolida\u00e7\u00e3o da terrenos.<\/li>\n<li><i class=\"fa fa-check\"><\/i>Estudos t\u00e9cnico-econ\u00f3micos, de investimento e planeamento de lavra e de recursos naturais.<\/li>\n<li><i class=\"fa fa-check\"><\/i>Explora\u00e7\u00f5es de minera\u00e7\u00e3o, pedreiras, instala\u00e7\u00f5es para a extra\u00e7\u00e3o de granulados e fabrico de materiais de constru\u00e7\u00e3o.<\/li>\n<\/ul>\n<p>[\/vc_column_text][\/vc_column][\/vc_row][vc_row][vc_column][vc_column_text]<br \/>\n[\/vc_column_text][\/vc_column][\/vc_row][vc_row el_class=&#8221;intro4 align-center min-box&#8221; full_width=&#8221;stretch_row_content&#8221; css=&#8221;.vc_custom_1433566012010{margin-top: 70px !important;margin-bottom: 0px !important;background-color: #fdc502 !important;}&#8221;][vc_column width=&#8221;2\/3&#8243;][vc_custom_heading text=&#8221;&#8221; font_container=&#8221;tag:h3|font_size:22|text_align:center|color:%23ffffff&#8221;][\/vc_column][vc_column width=&#8221;1\/3&#8243;][vc_btn title=&#8221;CONTATO&#8221; style=&#8221;outline&#8221; shape=&#8221;square&#8221; color=&#8221;white&#8221; link=&#8221;url:http%3A%2F%2Fwww.sistemaingenieria.com%2Fcontacto%2F|||&#8221;][\/vc_column][\/vc_row]<\/p>\n<\/div>","protected":false},"excerpt":{"rendered":"<p>[vc_row css=&#8221;.vc_custom_1433557707565{margin-bottom: 50px !important;}&#8221;][vc_column][vc_images_carousel images=&#8221;74144,74145,74143,74142&#8243; img_size=&#8221;870&#215;460&#8243; el_class=&#8221;images-carousel-2&#8243;][\/vc_column][\/vc_row][vc_row css=&#8221;.vc_custom_1433557672994{margin-top: 0px !important;margin-bottom: 40px !important;}&#8221;][vc_column][vc_column_text]A SISTEMA conta com pessoal qualificado no seu quadro de funcion\u00e1rios que d\u00e1 suporte \u00e0s equipas de projeto e assist\u00eancia t\u00e9cnica, tanto para obras de funda\u00e7\u00e3o, estabilidade de encostas, t\u00faneis, etc., como para minera\u00e7\u00e3o em geral. Os trabalhos envolvem as seguintes \u00e1reas: Estudos geol\u00f3gicos [&hellip;]<\/p>\n","protected":false},"author":3,"featured_media":75576,"parent":59,"menu_order":6,"comment_status":"closed","ping_status":"closed","template":"","meta":{"_acf_changed":false,"footnotes":""},"acf":[],"_links":{"self":[{"href":"http:\/\/3.65.241.247\/pt\/wp-json\/wp\/v2\/pages\/75012"}],"collection":[{"href":"http:\/\/3.65.241.247\/pt\/wp-json\/wp\/v2\/pages"}],"about":[{"href":"http:\/\/3.65.241.247\/pt\/wp-json\/wp\/v2\/types\/page"}],"author":[{"embeddable":true,"href":"http:\/\/3.65.241.247\/pt\/wp-json\/wp\/v2\/users\/3"}],"replies":[{"embeddable":true,"href":"http:\/\/3.65.241.247\/pt\/wp-json\/wp\/v2\/comments?post=75012"}],"version-history":[{"count":1,"href":"http:\/\/3.65.241.247\/pt\/wp-json\/wp\/v2\/pages\/75012\/revisions"}],"predecessor-version":[{"id":76412,"href":"http:\/\/3.65.241.247\/pt\/wp-json\/wp\/v2\/pages\/75012\/revisions\/76412"}],"up":[{"embeddable":true,"href":"http:\/\/3.65.241.247\/pt\/wp-json\/wp\/v2\/pages\/59"}],"wp:featuredmedia":[{"embeddable":true,"href":"http:\/\/3.65.241.247\/pt\/wp-json\/wp\/v2\/media\/75576"}],"wp:attachment":[{"href":"http:\/\/3.65.241.247\/pt\/wp-json\/wp\/v2\/media?parent=75012"}],"curies":[{"name":"wp","href":"https:\/\/api.w.org\/{rel}","templated":true}]}}