{"id":75806,"date":"2019-10-29T04:00:35","date_gmt":"2019-10-29T04:00:35","guid":{"rendered":"https:\/\/www.sistemaingenieria.com\/?page_id=75806"},"modified":"2024-07-01T09:57:26","modified_gmt":"2024-07-01T09:57:26","slug":"modelado-bim-de-infraestructura","status":"publish","type":"page","link":"http:\/\/3.65.241.247\/pt\/servicios\/modelado-bim-de-infraestructura\/","title":{"rendered":"Modelagem de infraestrutura BIM"},"content":{"rendered":"<div class=\"wpb-content-wrapper\"><p>[vc_row css=&#8221;.vc_custom_1433557707565{margin-bottom: 50px !important;}&#8221;][vc_column][vc_images_carousel images=&#8221;74144,74145,74143,74142&#8243; img_size=&#8221;870&#215;460&#8243; el_class=&#8221;images-carousel-2&#8243;][\/vc_column][\/vc_row][vc_row css=&#8221;.vc_custom_1433557672994{margin-top: 0px !important;margin-bottom: 40px !important;}&#8221;][vc_column][vc_column_text]Os profissionais da SISTEMA t\u00eam uma grande experi\u00eancia em termos de desenvolvimento urbano. Desde planos de desenvolvimento territorial, passando por planos especiais de atua\u00e7\u00e3o, planos parciais e projetos de urbaniza\u00e7\u00e3o.<\/p>\n<p>H\u00e1 mais de 30 anos que a SISTEMA torna poss\u00edvel o desenvolvimento urbano e tur\u00edstico das Ilhas Can\u00e1rias.<\/p>\n<p>As \u00e1reas de a\u00e7\u00e3o neste campo s\u00e3o as seguintes:<\/p>\n<ul class=\"listing\">\n<li><i class=\"fa fa-check\"><\/i>Planos gerais.<\/li>\n<li><i class=\"fa fa-check\"><\/i>Planos parciais.<\/li>\n<li><i class=\"fa fa-check\"><\/i>Planos especiais.<\/li>\n<li><i class=\"fa fa-check\"><\/i>Estudos detalhados.<\/li>\n<li><i class=\"fa fa-check\"><\/i>Projetos do urbaniza\u00e7\u00e3o.<\/li>\n<li><i class=\"fa fa-check\"><\/i>Projetos de delimita\u00e7\u00e3o de solo urbano.<\/li>\n<li><i class=\"fa fa-check\"><\/i>Parcelamentos e reparcelamentos.<\/li>\n<li><i class=\"fa fa-check\"><\/i>Constru\u00e7\u00e3o<\/li>\n<\/ul>\n<p>Os principais trabalhos relativos a obras de planeamento, urbanismo e constru\u00e7\u00e3o realizados pela SISTEMA nos \u00faltimos anos s\u00e3o os seguintes:[\/vc_column_text][\/vc_column][\/vc_row][vc_row css=&#8221;.vc_custom_1433128678982{margin-bottom: 50px !important;}&#8221;][vc_column width=&#8221;1\/2&#8243;][vc_custom_heading text=&#8221;PLANEAMENTO E URBANISMO&#8221; font_container=&#8221;tag:h2|font_size:20|text_align:left&#8221; el_class=&#8221;heading-title-3&#8243;][vc_column_text]<\/p>\n<ul class=\"listing\">\n<li><i class=\"fa fa-check\"><\/i>PLANO MESTRE PRAIA DE LACA\u00c7\u00c3O. ILHA DE BOA VISTA (CABO VERDE)<\/li>\n<li><i class=\"fa fa-check\"><\/i>PROJETO DE REPARCELAMENTO DE DIVERSAS UNIDADES DE ATUA\u00c7\u00c3O NA PRAIA HONDA INDUSTRIAL, NO TERRIT\u00d3RIO MUNICIPAL DE SAN BARTOLOM\u00c9 DE LANZAROTE<\/li>\n<li><i class=\"fa fa-check\"><\/i>PROJETO DE REDA\u00c7\u00c3O OU ADAPTA\u00c7\u00c3O DO MONUMENTO NATURAL DE LA CALDERA DE GAIRIA E DO MONUMENTO NATURAL DA MONTA\u00d1A CARD\u00d3N<\/li>\n<li><i class=\"fa fa-check\"><\/i>PLANO PARCIAL DE SOLO URBANIZADO PROGRAMADO &#8220;SUP-4&#8221;. BARRANCO DE VINAMAR-JANDIA. FUERTEVENTURA<\/li>\n<li><i class=\"fa fa-check\"><\/i>PROJETO DE URBANIZA\u00c7\u00c3O DO P.P. ESQUINZO ACEBUCHE. FUERTEVENTURA<\/li>\n<li><i class=\"fa fa-check\"><\/i>PROJETO DE URBANIZA\u00c7\u00c3O DE PILETAS. GRAN CANARIA<\/li>\n<li><i class=\"fa fa-check\"><\/i>PROJETO DE URBANIZA\u00c7\u00c3O DE SAN FRANCISCO DE PAULA. LA MONTA\u00d1ETA. GRAN CANARIA<\/li>\n<li><i class=\"fa fa-check\"><\/i>PROJETO DE URBANIZA\u00c7\u00c3O DO SETOR P-16 HALSOLADEN<\/li>\n<li><i class=\"fa fa-check\"><\/i>PLANO PARCIAL DO SETOR URBANIZ\u00c1VEL PROGRAMADO DO SUP-5. PRAIA DO JABLE<\/li>\n<li><i class=\"fa fa-check\"><\/i>PROJETO DE PLANO ESPECIAL GOLF JANDIA. BARRANCO DE BUTIHONDO. T.M. DE PAJARA<\/li>\n<li><i class=\"fa fa-check\"><\/i>PROJETO URBANIZA\u00c7\u00c3O DA TERCEIRA FASE DO CASTELO DE CALETA FUSTES<\/li>\n<\/ul>\n<p>[\/vc_column_text][\/vc_column][vc_column width=&#8221;1\/2&#8243;][vc_custom_heading text=&#8221;CONSTRU\u00c7\u00c3O&#8221; font_container=&#8221;tag:h2|font_size:20|text_align:left&#8221; el_class=&#8221;heading-title-3&#8243;][vc_column_text]<\/p>\n<ul class=\"listing\">\n<li><i class=\"fa fa-check\"><\/i>PROJETO DE EXECU\u00c7\u00c3O DE GALP\u00c3O INDUSTRIAL NO POL\u00cdGONO DO MATORRAL. FUERTEVENTURA<\/li>\n<li><i class=\"fa fa-check\"><\/i>ESTRUTURA DE COBERTURA DA PISCINA MUNICIPAL. ANTIGUA. FUERTEVENTURA<\/li>\n<li><i class=\"fa fa-check\"><\/i>GALP\u00c3O MULTIUSO DO MATORRAL. FUERTEVENTURA<\/li>\n<li><i class=\"fa fa-check\"><\/i>GALP\u00c3O INDUSTRIAL NO POL\u00cdGONO DA CERQUITA. FUERTEVENTURA<\/li>\n<\/ul>\n<p>[\/vc_column_text][\/vc_column][\/vc_row][vc_row][vc_column][vc_column_text]<br \/>\n[\/vc_column_text][\/vc_column][\/vc_row][vc_row el_class=&#8221;intro4 align-center min-box&#8221; full_width=&#8221;stretch_row_content&#8221; css=&#8221;.vc_custom_1433566012010{margin-top: 70px !important;margin-bottom: 0px !important;background-color: #fdc502 !important;}&#8221;][vc_column width=&#8221;2\/3&#8243;][vc_custom_heading text=&#8221;&#8221; font_container=&#8221;tag:h3|font_size:22|text_align:center|color:%23ffffff&#8221;][\/vc_column][vc_column width=&#8221;1\/3&#8243;][vc_btn title=&#8221;CONTATO&#8221; style=&#8221;outline&#8221; shape=&#8221;square&#8221; color=&#8221;white&#8221; link=&#8221;url:http%3A%2F%2Fwww.sistemaingenieria.com%2Fcontacto%2F|||&#8221;][\/vc_column][\/vc_row]<\/p>\n<\/div>","protected":false},"excerpt":{"rendered":"<p>[vc_row css=&#8221;.vc_custom_1433557707565{margin-bottom: 50px !important;}&#8221;][vc_column][vc_images_carousel images=&#8221;74144,74145,74143,74142&#8243; img_size=&#8221;870&#215;460&#8243; el_class=&#8221;images-carousel-2&#8243;][\/vc_column][\/vc_row][vc_row css=&#8221;.vc_custom_1433557672994{margin-top: 0px !important;margin-bottom: 40px !important;}&#8221;][vc_column][vc_column_text]Os profissionais da SISTEMA t\u00eam uma grande experi\u00eancia em termos de desenvolvimento urbano. Desde planos de desenvolvimento territorial, passando por planos especiais de atua\u00e7\u00e3o, planos parciais e projetos de urbaniza\u00e7\u00e3o. H\u00e1 mais de 30 anos que a SISTEMA torna poss\u00edvel o desenvolvimento urbano e [&hellip;]<\/p>\n","protected":false},"author":3,"featured_media":76056,"parent":59,"menu_order":9,"comment_status":"closed","ping_status":"closed","template":"","meta":{"_acf_changed":false,"footnotes":""},"acf":[],"_links":{"self":[{"href":"http:\/\/3.65.241.247\/pt\/wp-json\/wp\/v2\/pages\/75806"}],"collection":[{"href":"http:\/\/3.65.241.247\/pt\/wp-json\/wp\/v2\/pages"}],"about":[{"href":"http:\/\/3.65.241.247\/pt\/wp-json\/wp\/v2\/types\/page"}],"author":[{"embeddable":true,"href":"http:\/\/3.65.241.247\/pt\/wp-json\/wp\/v2\/users\/3"}],"replies":[{"embeddable":true,"href":"http:\/\/3.65.241.247\/pt\/wp-json\/wp\/v2\/comments?post=75806"}],"version-history":[{"count":1,"href":"http:\/\/3.65.241.247\/pt\/wp-json\/wp\/v2\/pages\/75806\/revisions"}],"predecessor-version":[{"id":76415,"href":"http:\/\/3.65.241.247\/pt\/wp-json\/wp\/v2\/pages\/75806\/revisions\/76415"}],"up":[{"embeddable":true,"href":"http:\/\/3.65.241.247\/pt\/wp-json\/wp\/v2\/pages\/59"}],"wp:featuredmedia":[{"embeddable":true,"href":"http:\/\/3.65.241.247\/pt\/wp-json\/wp\/v2\/media\/76056"}],"wp:attachment":[{"href":"http:\/\/3.65.241.247\/pt\/wp-json\/wp\/v2\/media?parent=75806"}],"curies":[{"name":"wp","href":"https:\/\/api.w.org\/{rel}","templated":true}]}}